{"id":3437,"date":"2022-11-18T12:39:27","date_gmt":"2022-11-18T11:39:27","guid":{"rendered":"https:\/\/steinhaus-dalmatien.com\/?page_id=3437"},"modified":"2023-09-01T14:59:41","modified_gmt":"2023-09-01T12:59:41","slug":"ferienwohnung-6","status":"publish","type":"page","link":"https:\/\/steinhaus-dalmatien.com\/de\/steinhaus-dalmatien-2\/ferienwohnung-6\/","title":{"rendered":"Ferienwohnung 6"},"content":{"rendered":"<p><div class=\"fusion-fullwidth fullwidth-box fusion-builder-row-1 nonhundred-percent-fullwidth non-hundred-percent-height-scrolling\" style=\"background-color: rgba(255,255,255,0);background-position: left top;background-repeat: no-repeat;padding-top:0px;padding-right:0px;padding-bottom:95px;padding-left:0px;margin-bottom: 0px;margin-top: 0px;border-width: 0px 0px 0px 0px;border-color:#eae9e9;border-style:solid;\" ><div class=\"fusion-builder-row fusion-row\"><div class=\"fusion-layout-column fusion_builder_column fusion-builder-column-0 fusion_builder_column_3_5 3_5 fusion-three-fifth fusion-column-first\" style=\"width:58.4%; margin-right: 4%;margin-top:0px;margin-bottom:20px;\"><div class=\"fusion-column-wrapper fusion-flex-column-wrapper-legacy\" style=\"background-position:right bottom;background-repeat:no-repeat;-webkit-background-size:cover;-moz-background-size:cover;-o-background-size:cover;background-size:cover;padding: 0px 0px 0px 0px;\"><div class=\"fusion-text fusion-text-1\"><p style=\"letter-spacing: 4px; font-size: 13px; margin-bottom: 0px;\">\u00dcBERSICHT<\/p>\n<h1>Ferienwohnung 6<\/h1>\n<\/div><div class=\"fusion-sep-clear\"><\/div><div class=\"fusion-separator fusion-clearfix\" style=\"float:left;margin-top:0px;margin-bottom:20px;width:100%;max-width:50px;\"><div class=\"fusion-separator-border sep-single sep-solid\" style=\"border-color:#cbaa5c;border-top-width:1px;\"><\/div><\/div><div class=\"fusion-sep-clear\"><\/div><div class=\"fusion-text fusion-text-2\"><p>Die Ferienwohnung 5 \u2013 mit Terrasse und direktem Meerblick \u2013 befindet sich im Erdgeschoss des Steinhauses. Die Gr\u00f6\u00dfe betr\u00e4gt ca. 40 m2. Die Wohnung ist f\u00fcr 2 Erwachse und 1 Kind geeignet.<\/p>\n<p>Die Ferienwohnung ist vollst\u00e4ndig eingerichtet und entspricht den modernen Anforderungen!<\/p>\n<\/div><div class=\"fusion-clearfix\"><\/div><\/div><\/div><div class=\"fusion-layout-column fusion_builder_column fusion-builder-column-1 fusion_builder_column_2_5 2_5 fusion-two-fifth fusion-column-last\" style=\"width:37.6%;margin-top:0px;margin-bottom:20px;\"><div class=\"fusion-column-wrapper fusion-flex-column-wrapper-legacy\" style=\"background-position:right bottom;background-repeat:no-repeat;-webkit-background-size:cover;-moz-background-size:cover;-o-background-size:cover;background-size:cover;background-color:#f4f6f8;border-width: 1px 1px 1px 1px;border-color:#ebeef1;border-style:solid;padding: 45px 45px 45px 45px;\"><div class=\"fusion-text fusion-text-3\"><p style=\"letter-spacing: 4px; font-size: 13px; margin-bottom: 0px; text-align: center;\">KONTAKTFORMULAR F\u00dcR BUCHUNG<\/p>\n<h1 style=\"text-align: center;\">Buchen Sie jetzt!<\/h1>\n<\/div><div class=\"fusion-sep-clear\"><\/div><div class=\"fusion-separator fusion-full-width-sep\" style=\"margin-left: auto;margin-right: auto;margin-top:0px;margin-bottom:30px;width:100%;\"><div class=\"fusion-separator-border sep-single sep-solid\" style=\"border-color:#cbaa5c;border-top-width:1px;\"><\/div><\/div><div class=\"fusion-sep-clear\"><\/div><div class=\"fusion-button-wrapper\"><style>.fusion-button.button-1{border-radius:2px 2px 2px 2px;}<\/style><a class=\"fusion-button button-flat button-large button-default button-1 fusion-button-default-span \" target=\"_self\" href=\"de\/\/kontakt\/\"><span class=\"fusion-button-text fusion-button-text-right\">Buchen Sie jetzt!<\/span><span class=\"fusion-button-icon-divider button-icon-divider-right\"><i class=\" fa fa-angle-right\" aria-hidden=\"true\"><\/i><\/span><\/a><\/div><div class=\"fusion-sep-clear\"><\/div><div class=\"fusion-separator fusion-full-width-sep\" style=\"margin-left: auto;margin-right: auto;margin-top:-20px;width:100%;\"><\/div><div class=\"fusion-sep-clear\"><\/div><div class=\"fusion-clearfix\"><\/div><\/div><\/div><div class=\"fusion-layout-column fusion_builder_column fusion-builder-column-2 fusion_builder_column_1_1 1_1 fusion-one-full fusion-column-first fusion-column-last fusion-column-no-min-height\" style=\"margin-top:0px;margin-bottom:0px;\"><div class=\"fusion-column-wrapper fusion-flex-column-wrapper-legacy\" style=\"background-position:left top;background-repeat:no-repeat;-webkit-background-size:cover;-moz-background-size:cover;-o-background-size:cover;background-size:cover;padding: 0px 0px 0px 0px;\"><div class=\"fusion-sep-clear\"><\/div><div class=\"fusion-separator fusion-full-width-sep\" style=\"margin-left: auto;margin-right: auto;margin-top:13px;margin-bottom:13px;width:100%;\"><\/div><div class=\"fusion-sep-clear\"><\/div><div class=\"fusion-clearfix\"><\/div><\/div><\/div><div class=\"fusion-layout-column fusion_builder_column fusion-builder-column-3 fusion_builder_column_1_1 1_1 fusion-one-full fusion-column-first fusion-column-last\" style=\"margin-top:0px;margin-bottom:20px;\"><div class=\"fusion-column-wrapper fusion-flex-column-wrapper-legacy\" style=\"background-position:left top;background-repeat:no-repeat;-webkit-background-size:cover;-moz-background-size:cover;-o-background-size:cover;background-size:cover;padding: 0px 0px 0px 0px;\"><style type=\"text\/css\">.fusion-gallery-1 .fusion-gallery-image {border:0px solid var(--awb-color3);}<\/style><div class=\"fusion-gallery fusion-gallery-container fusion-grid-5 fusion-columns-total-10 fusion-gallery-layout-grid fusion-gallery-1\" style=\"margin:-5px;\"><div style=\"padding:5px;\" class=\"fusion-grid-column fusion-gallery-column fusion-gallery-column-5 hover-type-none\"><div class=\"fusion-gallery-image\"><a href=\"https:\/\/steinhaus-dalmatien.com\/wp-content\/uploads\/2022\/11\/Tisch-mit-Blick-nach-drausen.jpeg\" rel=\"noreferrer\" data-rel=\"iLightbox[gallery_image_1]\" class=\"fusion-lightbox\" target=\"_self\"><img src=\"https:\/\/steinhaus-dalmatien.com\/wp-content\/uploads\/2022\/11\/Tisch-mit-Blick-nach-drausen-320x202.jpeg\" width=\"320\" height=\"202\" alt=\"Tisch mit Blick nach drau\u00dfen\" title=\"Tisch mit Blick nach drau\u00dfen\" aria-label=\"Tisch mit Blick nach drau\u00dfen\" class=\"img-responsive wp-image-3492 fusion-gallery-image-size-fixed\" \/><\/a><\/div><\/div><div style=\"padding:5px;\" class=\"fusion-grid-column fusion-gallery-column fusion-gallery-column-5 hover-type-none\"><div class=\"fusion-gallery-image\"><a href=\"https:\/\/steinhaus-dalmatien.com\/wp-content\/uploads\/2022\/11\/Ravanje-Terrasse-vor-dem-SH-03-mit-Promenade.jpeg\" rel=\"noreferrer\" data-rel=\"iLightbox[gallery_image_1]\" class=\"fusion-lightbox\" target=\"_self\"><img src=\"https:\/\/steinhaus-dalmatien.com\/wp-content\/uploads\/2022\/11\/Ravanje-Terrasse-vor-dem-SH-03-mit-Promenade-320x202.jpeg\" width=\"320\" height=\"202\" alt=\"Ravanje Terrasse vor dem SH 03 mit Promenade\" title=\"Ravanje Terrasse vor dem SH 03 mit Promenade\" aria-label=\"Ravanje Terrasse vor dem SH 03 mit Promenade\" class=\"img-responsive wp-image-3489 fusion-gallery-image-size-fixed\" \/><\/a><\/div><\/div><div style=\"padding:5px;\" class=\"fusion-grid-column fusion-gallery-column fusion-gallery-column-5 hover-type-none\"><div class=\"fusion-gallery-image\"><a href=\"https:\/\/steinhaus-dalmatien.com\/wp-content\/uploads\/2022\/11\/Ravanje-SZ-mit-Doppelbett-.jpeg\" rel=\"noreferrer\" data-rel=\"iLightbox[gallery_image_1]\" class=\"fusion-lightbox\" target=\"_self\"><img src=\"https:\/\/steinhaus-dalmatien.com\/wp-content\/uploads\/2022\/11\/Ravanje-SZ-mit-Doppelbett--320x202.jpeg\" width=\"320\" height=\"202\" alt=\"Ravanje SZ mit Doppelbett\" title=\"Ravanje SZ mit Doppelbett\" aria-label=\"Ravanje SZ mit Doppelbett\" class=\"img-responsive wp-image-3480 fusion-gallery-image-size-fixed\" \/><\/a><\/div><\/div><div style=\"padding:5px;\" class=\"fusion-grid-column fusion-gallery-column fusion-gallery-column-5 hover-type-none\"><div class=\"fusion-gallery-image\"><a href=\"https:\/\/steinhaus-dalmatien.com\/wp-content\/uploads\/2022\/11\/Ravanje-App.6-Tisch-Sofa.jpeg\" rel=\"noreferrer\" data-rel=\"iLightbox[gallery_image_1]\" class=\"fusion-lightbox\" target=\"_self\"><img src=\"https:\/\/steinhaus-dalmatien.com\/wp-content\/uploads\/2022\/11\/Ravanje-App.6-Tisch-Sofa-320x202.jpeg\" width=\"320\" height=\"202\" alt=\"Ravanje App.6 Tisch + Sofa\" title=\"Ravanje App.6 Tisch + Sofa\" aria-label=\"Ravanje App.6 Tisch + Sofa\" class=\"img-responsive wp-image-3477 fusion-gallery-image-size-fixed\" \/><\/a><\/div><\/div><div style=\"padding:5px;\" class=\"fusion-grid-column fusion-gallery-column fusion-gallery-column-5 hover-type-none\"><div class=\"fusion-gallery-image\"><a href=\"https:\/\/steinhaus-dalmatien.com\/wp-content\/uploads\/2022\/11\/Ravanje-App.6-Terrasse-vor-dem-App.jpeg\" rel=\"noreferrer\" data-rel=\"iLightbox[gallery_image_1]\" class=\"fusion-lightbox\" target=\"_self\"><img src=\"https:\/\/steinhaus-dalmatien.com\/wp-content\/uploads\/2022\/11\/Ravanje-App.6-Terrasse-vor-dem-App-320x202.jpeg\" width=\"320\" height=\"202\" alt=\"Ravanje App.6 Terrasse vor dem App\" title=\"Ravanje App.6 Terrasse vor dem App\" aria-label=\"Ravanje App.6 Terrasse vor dem App\" class=\"img-responsive wp-image-3474 fusion-gallery-image-size-fixed\" \/><\/a><\/div><\/div><div class=\"clearfix\"><\/div><div style=\"padding:5px;\" class=\"fusion-grid-column fusion-gallery-column fusion-gallery-column-5 hover-type-none\"><div class=\"fusion-gallery-image\"><a href=\"https:\/\/steinhaus-dalmatien.com\/wp-content\/uploads\/2022\/11\/Ravanje-App.6-Kuche-mit-Blick-zum-Bad-01.jpeg\" rel=\"noreferrer\" data-rel=\"iLightbox[gallery_image_1]\" class=\"fusion-lightbox\" target=\"_self\"><img src=\"https:\/\/steinhaus-dalmatien.com\/wp-content\/uploads\/2022\/11\/Ravanje-App.6-Kuche-mit-Blick-zum-Bad-01-320x202.jpeg\" width=\"320\" height=\"202\" alt=\"Ravanje App.6 K\u00fcche mit Blick zum Bad 01\" title=\"Ravanje App.6 K\u00fcche mit Blick zum Bad 01\" aria-label=\"Ravanje App.6 K\u00fcche mit Blick zum Bad 01\" class=\"img-responsive wp-image-3468 fusion-gallery-image-size-fixed\" \/><\/a><\/div><\/div><div style=\"padding:5px;\" class=\"fusion-grid-column fusion-gallery-column fusion-gallery-column-5 hover-type-none\"><div class=\"fusion-gallery-image\"><a href=\"https:\/\/steinhaus-dalmatien.com\/wp-content\/uploads\/2022\/11\/Ravanje-App.6-Kuche-01.jpeg\" rel=\"noreferrer\" data-rel=\"iLightbox[gallery_image_1]\" class=\"fusion-lightbox\" target=\"_self\"><img src=\"https:\/\/steinhaus-dalmatien.com\/wp-content\/uploads\/2022\/11\/Ravanje-App.6-Kuche-01-320x202.jpeg\" width=\"320\" height=\"202\" alt=\"Ravanje App.6 K\u00fcche 01\" title=\"Ravanje App.6 K\u00fcche 01\" aria-label=\"Ravanje App.6 K\u00fcche 01\" class=\"img-responsive wp-image-3465 fusion-gallery-image-size-fixed\" \/><\/a><\/div><\/div><div style=\"padding:5px;\" class=\"fusion-grid-column fusion-gallery-column fusion-gallery-column-5 hover-type-none\"><div class=\"fusion-gallery-image\"><a href=\"https:\/\/steinhaus-dalmatien.com\/wp-content\/uploads\/2022\/11\/Ravanje-App.6-Bad-mit-Fenster.jpeg\" rel=\"noreferrer\" data-rel=\"iLightbox[gallery_image_1]\" class=\"fusion-lightbox\" target=\"_self\"><img src=\"https:\/\/steinhaus-dalmatien.com\/wp-content\/uploads\/2022\/11\/Ravanje-App.6-Bad-mit-Fenster-320x202.jpeg\" width=\"320\" height=\"202\" alt=\"Ravanje App.6 Bad mit Fenster\" title=\"Ravanje App.6 Bad mit Fenster\" aria-label=\"Ravanje App.6 Bad mit Fenster\" class=\"img-responsive wp-image-3459 fusion-gallery-image-size-fixed\" \/><\/a><\/div><\/div><div style=\"padding:5px;\" class=\"fusion-grid-column fusion-gallery-column fusion-gallery-column-5 hover-type-none\"><div class=\"fusion-gallery-image\"><a href=\"https:\/\/steinhaus-dalmatien.com\/wp-content\/uploads\/2022\/11\/Ravanje-App.-6-Kuche-mit-Blick-auf-die-Terrasse.jpeg\" rel=\"noreferrer\" data-rel=\"iLightbox[gallery_image_1]\" class=\"fusion-lightbox\" target=\"_self\"><img src=\"https:\/\/steinhaus-dalmatien.com\/wp-content\/uploads\/2022\/11\/Ravanje-App.-6-Kuche-mit-Blick-auf-die-Terrasse-320x202.jpeg\" width=\"320\" height=\"202\" alt=\"Ravanje App. 6 K\u00fcche mit Blick auf die Terrasse\" title=\"Ravanje App. 6 K\u00fcche mit Blick auf die Terrasse\" aria-label=\"Ravanje App. 6 K\u00fcche mit Blick auf die Terrasse\" class=\"img-responsive wp-image-3453 fusion-gallery-image-size-fixed\" \/><\/a><\/div><\/div><div style=\"padding:5px;\" class=\"fusion-grid-column fusion-gallery-column fusion-gallery-column-5 hover-type-none\"><div class=\"fusion-gallery-image\"><a href=\"https:\/\/steinhaus-dalmatien.com\/wp-content\/uploads\/2022\/11\/Ravanje-App.-6-Badez.-WT-jpeg.jpeg\" rel=\"noreferrer\" data-rel=\"iLightbox[gallery_image_1]\" class=\"fusion-lightbox\" target=\"_self\"><img src=\"https:\/\/steinhaus-dalmatien.com\/wp-content\/uploads\/2022\/11\/Ravanje-App.-6-Badez.-WT-jpeg-320x202.jpeg\" width=\"320\" height=\"202\" alt=\"Ravanje App. 6 Badez. WT jpeg\" title=\"Ravanje App. 6 Badez. WT jpeg\" aria-label=\"Ravanje App. 6 Badez. WT jpeg\" class=\"img-responsive wp-image-3450 fusion-gallery-image-size-fixed\" \/><\/a><\/div><\/div><div class=\"clearfix\"><\/div><\/div><div class=\"fusion-clearfix\"><\/div><\/div><\/div><\/div><\/div><div class=\"fusion-fullwidth fullwidth-box fusion-builder-row-2 nonhundred-percent-fullwidth non-hundred-percent-height-scrolling\" style=\"background-color: #f4f6f8;background-position: center top;background-repeat: no-repeat;padding-top:0px;padding-right:0px;padding-bottom:80px;padding-left:0px;margin-bottom: 0px;margin-top: 0px;border-width: 0px 0px 0px 0px;border-color:#eae9e9;border-style:solid;\" ><div class=\"fusion-builder-row fusion-row\"><div class=\"fusion-layout-column fusion_builder_column fusion-builder-column-4 fusion_builder_column_1_1 1_1 fusion-one-full fusion-column-first fusion-column-last fusion-column-no-min-height\" style=\"margin-top:0px;margin-bottom:0px;\"><div class=\"fusion-column-wrapper fusion-flex-column-wrapper-legacy\" style=\"background-position:left top;background-repeat:no-repeat;-webkit-background-size:cover;-moz-background-size:cover;-o-background-size:cover;background-size:cover;padding: 0px 0px 0px 0px;\"><div class=\"imageframe-align-center\"><span class=\" fusion-imageframe imageframe-none imageframe-1 hover-type-none\"><img width=\"370\" height=\"82\" title=\"flowers_top\" src=\"https:\/\/steinhaus-dalmatien.com\/wp-content\/uploads\/2015\/01\/flowers_top.png\" alt class=\"img-responsive wp-image-2562\"\/><\/span><\/div><div class=\"fusion-sep-clear\"><\/div><div class=\"fusion-separator fusion-full-width-sep\" style=\"margin-left: auto;margin-right: auto;margin-top:25px;width:100%;\"><\/div><div class=\"fusion-sep-clear\"><\/div><div class=\"fusion-clearfix\"><\/div><\/div><\/div><div class=\"fusion-layout-column fusion_builder_column fusion-builder-column-5 fusion_builder_column_1_1 1_1 fusion-one-full fusion-column-first fusion-column-last fusion-column-no-min-height\" style=\"margin-top:0px;margin-bottom:0px;\"><div class=\"fusion-column-wrapper fusion-flex-column-wrapper-legacy\" style=\"background-position:left top;background-repeat:no-repeat;-webkit-background-size:cover;-moz-background-size:cover;-o-background-size:cover;background-size:cover;padding: 0px 0px 0px 0px;\"><div class=\"fusion-text fusion-text-4\"><p style=\"letter-spacing: 4px; font-size: 13px; margin-bottom: 0px; text-align: center;\">STEINHAUS DALMATIEN<\/p>\n<h1 style=\"text-align: center;\">Ausstattung<\/h1>\n<\/div><div class=\"fusion-sep-clear\"><\/div><div class=\"fusion-separator\" style=\"margin-left: auto;margin-right: auto;margin-top:0px;margin-bottom:60px;width:100%;max-width:50px;\"><div class=\"fusion-separator-border sep-single sep-solid\" style=\"border-color:#cbaa5c;border-top-width:1px;\"><\/div><\/div><div class=\"fusion-sep-clear\"><\/div><div class=\"fusion-clearfix\"><\/div><\/div><\/div><div class=\"fusion-layout-column fusion_builder_column fusion-builder-column-6 fusion_builder_column_1_1 1_1 fusion-one-full fusion-column-first fusion-column-last\" style=\"margin-top:0px;margin-bottom:20px;\"><div class=\"fusion-column-wrapper fusion-flex-column-wrapper-legacy\" style=\"background-position:left top;background-repeat:no-repeat;-webkit-background-size:cover;-moz-background-size:cover;-o-background-size:cover;background-size:cover;padding: 0px 0px 0px 0px;\"><div class=\"fusion-text fusion-text-5\"><ul>\n<li>1 Schlafzimmer mit einem Doppelbett (160 x 200 cm) und einem Einzelbett <strong>(80&#215;200 cm<\/strong>), Kleiderschrank und Bettw\u00e4sche<\/li>\n<li>1 Wohnk\u00fcche mit einem Ecksofa.<\/li>\n<li>Die K\u00fcche ist ausgestattet mit Kochfeld, K\u00fchlschrank mit separatem Gefrierfach, <strong>Geschirrsp\u00fcler<\/strong><\/li>\n<li>Kaffeemaschine, Wasserkocher, Toaster, Geschirr, Gl\u00e4ser, Besteck, Kochgeschirr usw.<\/li>\n<li>1 Bad mit Dusche, Waschtisch, Wachmaschine, WC, Handt\u00fccher, Duscht\u00fccher, Haarf\u00f6n und Toilettenpapier.<\/li>\n<li><strong>Terrasse<\/strong> mit direktem Meerblick, Tisch und 4 St\u00fchle<\/li>\n<li>Kostenfreie und gesicherte Parkpl\u00e4tze auf privatem Grundst\u00fcck.<\/li>\n<li>WLAN kostenfrei.<\/li>\n<li>Au\u00dfengrill mit Holzkohle, kostenfrei.<\/li>\n<li>2 Strandliegen pro Wohnung plus Sonnenschirm, kostenfrei.<\/li>\n<li>Kinderbett und Hochstuhl auf Anfrage (Aufpreis 5 Euro pro Tag).<\/li>\n<li>F\u00fcr die Boote ist eine Boje vor dem Ferienhaus vorhanden (Aufpreis 10 Euro pro Tag).<\/li>\n<\/ul>\n<\/div><div class=\"fusion-clearfix\"><\/div><\/div><\/div><\/div><\/div><div class=\"fusion-fullwidth fullwidth-box fusion-builder-row-3 nonhundred-percent-fullwidth non-hundred-percent-height-scrolling fusion-equal-height-columns\" style=\"background-color: rgba(255,255,255,0);background-position: left top;background-repeat: no-repeat;padding-top:100px;padding-right:0px;padding-bottom:100px;padding-left:0px;margin-bottom: 0px;margin-top: 0px;border-width: 0px 0px 0px 0px;border-color:#eae9e9;border-style:solid;\" ><div class=\"fusion-builder-row fusion-row\"><div class=\"fusion-layout-column fusion_builder_column fusion-builder-column-7 fusion_builder_column_1_1 1_1 fusion-one-full fusion-column-first fusion-column-last\" style=\"margin-top:0px;margin-bottom:20px;\"><div class=\"fusion-column-wrapper fusion-flex-column-wrapper-legacy\" style=\"background-position:right bottom;background-repeat:no-repeat;-webkit-background-size:cover;-moz-background-size:cover;-o-background-size:cover;background-size:cover;padding: 0px 0px 0px 0px;\"><div class=\"fusion-text fusion-text-6\"><h1 style=\"text-align: center;\">Kalenderverf\u00fcgbarkeit<\/h1>\n<\/div><div class=\"fusion-sep-clear\"><\/div><div class=\"fusion-separator\" style=\"margin-left: auto;margin-right: auto;margin-top:0px;margin-bottom:20px;width:100%;max-width:50px;\"><div class=\"fusion-separator-border sep-single sep-solid\" style=\"border-color:#cbaa5c;border-top-width:1px;\"><\/div><\/div><div class=\"fusion-sep-clear\"><\/div><div class=\"fusion-text fusion-text-7\"><div align=\"center\"><iframe src=\"https:\/\/med-irishcentre.com\/ivana\/?id=6&amp;ln=de\" width=\"1024px\" height=\"350px\" scrolling=\"no\" align=\"center\"><\/iframe><\/div>\n<\/div><div class=\"fusion-sep-clear\"><\/div><div class=\"fusion-separator fusion-full-width-sep\" style=\"margin-left: auto;margin-right: auto;margin-top:20px;width:100%;\"><\/div><div class=\"fusion-sep-clear\"><\/div><div class=\"fusion-clearfix\"><\/div><\/div><\/div><\/div><\/div><div class=\"fusion-fullwidth fullwidth-box fusion-builder-row-4 nonhundred-percent-fullwidth non-hundred-percent-height-scrolling fusion-equal-height-columns\" style=\"background-color: rgba(255,255,255,0);background-position: left top;background-repeat: no-repeat;padding-top:100px;padding-right:0px;padding-bottom:100px;padding-left:0px;margin-bottom: 0px;margin-top: 0px;border-width: 0px 0px 0px 0px;border-color:#eae9e9;border-style:solid;\" ><div class=\"fusion-builder-row fusion-row\"><div class=\"fusion-layout-column fusion_builder_column fusion-builder-column-8 fusion_builder_column_1_1 1_1 fusion-one-full fusion-column-first fusion-column-last\" style=\"margin-top:0px;margin-bottom:20px;\"><div class=\"fusion-column-wrapper fusion-flex-column-wrapper-legacy\" style=\"background-position:right bottom;background-repeat:no-repeat;-webkit-background-size:cover;-moz-background-size:cover;-o-background-size:cover;background-size:cover;padding: 0px 0px 0px 0px;\"><div class=\"fusion-text fusion-text-8\"><h1 style=\"text-align: center;\">Preisliste nach Datum<\/h1>\n<\/div><div class=\"fusion-sep-clear\"><\/div><div class=\"fusion-separator\" style=\"margin-left: auto;margin-right: auto;margin-top:0px;margin-bottom:20px;width:100%;max-width:50px;\"><div class=\"fusion-separator-border sep-single sep-solid\" style=\"border-color:#cbaa5c;border-top-width:1px;\"><\/div><\/div><div class=\"fusion-sep-clear\"><\/div><div class=\"fusion-text fusion-text-9\"><table class=\" aligncenter\" style=\"height: 243px;\" width=\"230\">\n<tbody>\n<tr>\n<td width=\"129\"><strong>01.04.- 30.04. <\/strong><\/td>\n<td width=\"85\"><strong>50,00 \u20ac <\/strong><\/td>\n<\/tr>\n<tr>\n<td width=\"129\"><strong>01.05.- 31.05. <\/strong><\/td>\n<td width=\"85\">70,00 \u20ac<\/td>\n<\/tr>\n<tr>\n<td width=\"129\"><strong>01.06.- 20.06. <\/strong><\/td>\n<td width=\"85\">90,00 \u20ac<\/td>\n<\/tr>\n<tr>\n<td width=\"129\"><strong>21.06.- 06.07. <\/strong><\/td>\n<td width=\"85\">145,00 \u20ac<\/td>\n<\/tr>\n<tr>\n<td width=\"129\"><strong>07.07.- 31.08. <\/strong><\/td>\n<td width=\"85\">165,00 \u20ac<\/td>\n<\/tr>\n<tr>\n<td width=\"129\"><strong>01.09. &#8211; 15.09. <\/strong><\/td>\n<td width=\"85\">145,00 \u20ac<\/td>\n<\/tr>\n<tr>\n<td width=\"129\"><strong>16.09.- 30.09. <\/strong><\/td>\n<td width=\"85\">90,00 \u20ac<\/td>\n<\/tr>\n<tr>\n<td width=\"129\"><strong>01.10. &#8211; 31.10. <\/strong><\/td>\n<td width=\"85\">60,00 \u20ac<\/td>\n<\/tr>\n<\/tbody>\n<\/table>\n<\/div><div class=\"fusion-sep-clear\"><\/div><div class=\"fusion-separator fusion-full-width-sep\" style=\"margin-left: auto;margin-right: auto;margin-top:20px;width:100%;\"><\/div><div class=\"fusion-sep-clear\"><\/div><div class=\"fusion-clearfix\"><\/div><\/div><\/div><\/div><\/div><\/p>\n","protected":false},"excerpt":{"rendered":"","protected":false},"author":1,"featured_media":0,"parent":2338,"menu_order":0,"comment_status":"closed","ping_status":"closed","template":"100-width.php","meta":[],"_links":{"self":[{"href":"https:\/\/steinhaus-dalmatien.com\/de\/wp-json\/wp\/v2\/pages\/3437\/"}],"collection":[{"href":"https:\/\/steinhaus-dalmatien.com\/de\/wp-json\/wp\/v2\/pages\/"}],"about":[{"href":"https:\/\/steinhaus-dalmatien.com\/de\/wp-json\/wp\/v2\/types\/page\/"}],"author":[{"embeddable":true,"href":"https:\/\/steinhaus-dalmatien.com\/de\/wp-json\/wp\/v2\/users\/1\/"}],"replies":[{"embeddable":true,"href":"https:\/\/steinhaus-dalmatien.com\/de\/wp-json\/wp\/v2\/comments\/?post=3437"}],"version-history":[{"count":7,"href":"https:\/\/steinhaus-dalmatien.com\/de\/wp-json\/wp\/v2\/pages\/3437\/revisions\/"}],"predecessor-version":[{"id":3584,"href":"https:\/\/steinhaus-dalmatien.com\/de\/wp-json\/wp\/v2\/pages\/3437\/revisions\/3584\/"}],"up":[{"embeddable":true,"href":"https:\/\/steinhaus-dalmatien.com\/de\/wp-json\/wp\/v2\/pages\/2338\/"}],"wp:attachment":[{"href":"https:\/\/steinhaus-dalmatien.com\/de\/wp-json\/wp\/v2\/media\/?parent=3437"}],"curies":[{"name":"wp","href":"https:\/\/api.w.org\/{rel}","templated":true}]}}