{"id":2512,"date":"2018-01-25T08:59:45","date_gmt":"2018-01-25T07:59:45","guid":{"rendered":"https:\/\/steinhaus-dalmatien.com\/strandhaus-ivana\/iapartman-2\/"},"modified":"2022-12-01T08:52:13","modified_gmt":"2022-12-01T07:52:13","slug":"iapartman-2","status":"publish","type":"page","link":"https:\/\/steinhaus-dalmatien.com\/de\/strandhaus-ivana\/iapartman-2\/","title":{"rendered":"iFerienwohnung 2"},"content":{"rendered":"<p><div class=\"fusion-fullwidth fullwidth-box fusion-builder-row-1 nonhundred-percent-fullwidth non-hundred-percent-height-scrolling\" style=\"background-color: rgba(255,255,255,0);background-position: left top;background-repeat: no-repeat;padding-top:0px;padding-right:0px;padding-bottom:95px;padding-left:0px;margin-bottom: 0px;margin-top: 0px;border-width: 0px 0px 0px 0px;border-color:#eae9e9;border-style:solid;\" ><div class=\"fusion-builder-row fusion-row\"><div class=\"fusion-layout-column fusion_builder_column fusion-builder-column-0 fusion_builder_column_3_5 3_5 fusion-three-fifth fusion-column-first\" style=\"width:58.4%; margin-right: 4%;margin-top:0px;margin-bottom:20px;\"><div class=\"fusion-column-wrapper fusion-flex-column-wrapper-legacy\" style=\"background-position:right bottom;background-repeat:no-repeat;-webkit-background-size:cover;-moz-background-size:cover;-o-background-size:cover;background-size:cover;padding: 0px 0px 0px 0px;\"><div class=\"fusion-text fusion-text-1\"><p style=\"letter-spacing: 4px; font-size: 13px; margin-bottom: 0px;\">\u00dcBERSICHT<\/p>\n<h1>Ferienwohnung 2<\/h1>\n<\/div><div class=\"fusion-sep-clear\"><\/div><div class=\"fusion-separator fusion-clearfix\" style=\"float:left;margin-top:0px;margin-bottom:20px;width:100%;max-width:50px;\"><div class=\"fusion-separator-border sep-single sep-solid\" style=\"border-color:#cbaa5c;border-top-width:1px;\"><\/div><\/div><div class=\"fusion-sep-clear\"><\/div><div class=\"fusion-text fusion-text-2\"><p style=\"text-align: left;\">Die Ferienwohnung 2 mit Terrasse, direktem Meerblick und Garten befindet sich im Erdgeschoss des Ferienhauses. Die Gr\u00f6\u00dfe betr\u00e4gt ca. 70 m2. Die Wohnung ist f\u00fcr 2-3 Erwachse und 2 Kinder geeignet. (Maximal 5 Personen)<\/p>\n<\/div><div class=\"fusion-clearfix\"><\/div><\/div><\/div><div class=\"fusion-layout-column fusion_builder_column fusion-builder-column-1 fusion_builder_column_2_5 2_5 fusion-two-fifth fusion-column-last\" style=\"width:37.6%;margin-top:0px;margin-bottom:20px;\"><div class=\"fusion-column-wrapper fusion-flex-column-wrapper-legacy\" style=\"background-position:right bottom;background-repeat:no-repeat;-webkit-background-size:cover;-moz-background-size:cover;-o-background-size:cover;background-size:cover;background-color:#f4f6f8;border-width: 1px 1px 1px 1px;border-color:#ebeef1;border-style:solid;padding: 45px 45px 45px 45px;\"><div class=\"fusion-text fusion-text-3\"><p style=\"letter-spacing: 4px; font-size: 13px; margin-bottom: 0px; text-align: center;\">KONTAKTFORMULAR F\u00dcR BUCHUNG<\/p>\n<h1 style=\"text-align: center;\">Buchen Sie jetzt!<\/h1>\n<\/div><div class=\"fusion-sep-clear\"><\/div><div class=\"fusion-separator fusion-full-width-sep\" style=\"margin-left: auto;margin-right: auto;margin-top:0px;margin-bottom:30px;width:100%;\"><div class=\"fusion-separator-border sep-single sep-solid\" style=\"border-color:#cbaa5c;border-top-width:1px;\"><\/div><\/div><div class=\"fusion-sep-clear\"><\/div><div class=\"fusion-button-wrapper\"><style>.fusion-button.button-1{border-radius:2px 2px 2px 2px;}<\/style><a class=\"fusion-button button-flat button-large button-default button-1 fusion-button-default-span \" target=\"_self\" href=\"\/de\/kontakt\/\"><span class=\"fusion-button-text fusion-button-text-right\">Buchen Sie jetzt!<\/span><span class=\"fusion-button-icon-divider button-icon-divider-right\"><i class=\" fa fa-angle-right\" aria-hidden=\"true\"><\/i><\/span><\/a><\/div><div class=\"fusion-sep-clear\"><\/div><div class=\"fusion-separator fusion-full-width-sep\" style=\"margin-left: auto;margin-right: auto;margin-top:-20px;width:100%;\"><\/div><div class=\"fusion-sep-clear\"><\/div><div class=\"fusion-clearfix\"><\/div><\/div><\/div><div class=\"fusion-layout-column fusion_builder_column fusion-builder-column-2 fusion_builder_column_1_1 1_1 fusion-one-full fusion-column-first fusion-column-last fusion-column-no-min-height\" style=\"margin-top:0px;margin-bottom:0px;\"><div class=\"fusion-column-wrapper fusion-flex-column-wrapper-legacy\" style=\"background-position:left top;background-repeat:no-repeat;-webkit-background-size:cover;-moz-background-size:cover;-o-background-size:cover;background-size:cover;padding: 0px 0px 0px 0px;\"><div class=\"fusion-sep-clear\"><\/div><div class=\"fusion-separator fusion-full-width-sep\" style=\"margin-left: auto;margin-right: auto;margin-top:13px;margin-bottom:13px;width:100%;\"><\/div><div class=\"fusion-sep-clear\"><\/div><div class=\"fusion-clearfix\"><\/div><\/div><\/div><div class=\"fusion-layout-column fusion_builder_column fusion-builder-column-3 fusion_builder_column_1_1 1_1 fusion-one-full fusion-column-first fusion-column-last\" style=\"margin-top:0px;margin-bottom:20px;\"><div class=\"fusion-column-wrapper fusion-flex-column-wrapper-legacy\" style=\"background-position:left top;background-repeat:no-repeat;-webkit-background-size:cover;-moz-background-size:cover;-o-background-size:cover;background-size:cover;padding: 0px 0px 0px 0px;\"><style type=\"text\/css\">.fusion-gallery-1 .fusion-gallery-image {border:0px solid var(--awb-color3);}<\/style><div class=\"fusion-gallery fusion-gallery-container fusion-grid-5 fusion-columns-total-12 fusion-gallery-layout-grid fusion-gallery-1\" style=\"margin:-5px;\"><div style=\"padding:5px;\" class=\"fusion-grid-column fusion-gallery-column fusion-gallery-column-5 hover-type-none\"><div class=\"fusion-gallery-image\"><a href=\"https:\/\/steinhaus-dalmatien.com\/wp-content\/uploads\/2018\/01\/Strand-Zaostrog-Kapec.jpg\" rel=\"noreferrer\" data-rel=\"iLightbox[gallery_image_1]\" class=\"fusion-lightbox\" target=\"_self\"><img src=\"https:\/\/steinhaus-dalmatien.com\/wp-content\/uploads\/2018\/01\/Strand-Zaostrog-Kapec-320x202.jpg\" width=\"320\" height=\"202\" alt=\"\" title=\"Strand Zaostrog Kapec\" aria-label=\"Strand Zaostrog Kapec\" class=\"img-responsive wp-image-2114 fusion-gallery-image-size-fixed\" \/><\/a><\/div><\/div><div style=\"padding:5px;\" class=\"fusion-grid-column fusion-gallery-column fusion-gallery-column-5 hover-type-none\"><div class=\"fusion-gallery-image\"><a href=\"https:\/\/steinhaus-dalmatien.com\/wp-content\/uploads\/2018\/01\/Ivana-Kapec-Haus-mit-Garten-1.jpg\" rel=\"noreferrer\" data-rel=\"iLightbox[gallery_image_1]\" class=\"fusion-lightbox\" target=\"_self\"><img src=\"https:\/\/steinhaus-dalmatien.com\/wp-content\/uploads\/2018\/01\/Ivana-Kapec-Haus-mit-Garten-1-320x202.jpg\" width=\"320\" height=\"202\" alt=\"\" title=\"Ivana Kapec Haus mit Garten\" aria-label=\"Ivana Kapec Haus mit Garten\" class=\"img-responsive wp-image-2111 fusion-gallery-image-size-fixed\" \/><\/a><\/div><\/div><div style=\"padding:5px;\" class=\"fusion-grid-column fusion-gallery-column fusion-gallery-column-5 hover-type-none\"><div class=\"fusion-gallery-image\"><a href=\"https:\/\/steinhaus-dalmatien.com\/wp-content\/uploads\/2018\/01\/Ivana-Kapec-Garten-und-Haus-1.jpg\" rel=\"noreferrer\" data-rel=\"iLightbox[gallery_image_1]\" class=\"fusion-lightbox\" target=\"_self\"><img src=\"https:\/\/steinhaus-dalmatien.com\/wp-content\/uploads\/2018\/01\/Ivana-Kapec-Garten-und-Haus-1-320x202.jpg\" width=\"320\" height=\"202\" alt=\"\" title=\"Ivana Kapec Garten und Haus\" aria-label=\"Ivana Kapec Garten und Haus\" class=\"img-responsive wp-image-2110 fusion-gallery-image-size-fixed\" \/><\/a><\/div><\/div><div style=\"padding:5px;\" class=\"fusion-grid-column fusion-gallery-column fusion-gallery-column-5 hover-type-none\"><div class=\"fusion-gallery-image\"><a href=\"https:\/\/steinhaus-dalmatien.com\/wp-content\/uploads\/2018\/01\/Ivana-Kapec-Garten-01.jpg\" rel=\"noreferrer\" data-rel=\"iLightbox[gallery_image_1]\" class=\"fusion-lightbox\" target=\"_self\"><img src=\"https:\/\/steinhaus-dalmatien.com\/wp-content\/uploads\/2018\/01\/Ivana-Kapec-Garten-01-320x202.jpg\" width=\"320\" height=\"202\" alt=\"\" title=\"Ivana Kapec Garten 01\" aria-label=\"Ivana Kapec Garten 01\" class=\"img-responsive wp-image-2109 fusion-gallery-image-size-fixed\" \/><\/a><\/div><\/div><div style=\"padding:5px;\" class=\"fusion-grid-column fusion-gallery-column fusion-gallery-column-5 hover-type-none\"><div class=\"fusion-gallery-image\"><a href=\"https:\/\/steinhaus-dalmatien.com\/wp-content\/uploads\/2018\/01\/Ivana-App.2-Kapec-Blick-ins-Bad-01.jpg\" rel=\"noreferrer\" data-rel=\"iLightbox[gallery_image_1]\" class=\"fusion-lightbox\" target=\"_self\"><img src=\"https:\/\/steinhaus-dalmatien.com\/wp-content\/uploads\/2018\/01\/Ivana-App.2-Kapec-Blick-ins-Bad-01-320x202.jpg\" width=\"320\" height=\"202\" alt=\"\" title=\"Ivana App.2 Kapec Blick ins Bad 01\" aria-label=\"Ivana App.2 Kapec Blick ins Bad 01\" class=\"img-responsive wp-image-2101 fusion-gallery-image-size-fixed\" \/><\/a><\/div><\/div><div class=\"clearfix\"><\/div><div style=\"padding:5px;\" class=\"fusion-grid-column fusion-gallery-column fusion-gallery-column-5 hover-type-none\"><div class=\"fusion-gallery-image\"><a href=\"https:\/\/steinhaus-dalmatien.com\/wp-content\/uploads\/2018\/01\/Ivana-Kapec-App2.-nova-2.jpg\" rel=\"noreferrer\" data-rel=\"iLightbox[gallery_image_1]\" class=\"fusion-lightbox\" target=\"_self\"><img src=\"https:\/\/steinhaus-dalmatien.com\/wp-content\/uploads\/2018\/01\/Ivana-Kapec-App2.-nova-2-320x202.jpg\" width=\"320\" height=\"202\" alt=\"\" title=\"Ivana Kapec App2. nova 2\" aria-label=\"Ivana Kapec App2. nova 2\" class=\"img-responsive wp-image-2108 fusion-gallery-image-size-fixed\" \/><\/a><\/div><\/div><div style=\"padding:5px;\" class=\"fusion-grid-column fusion-gallery-column fusion-gallery-column-5 hover-type-none\"><div class=\"fusion-gallery-image\"><a href=\"https:\/\/steinhaus-dalmatien.com\/wp-content\/uploads\/2018\/01\/Ivana-Kapec-neue-1.jpg\" rel=\"noreferrer\" data-rel=\"iLightbox[gallery_image_1]\" class=\"fusion-lightbox\" target=\"_self\"><img src=\"https:\/\/steinhaus-dalmatien.com\/wp-content\/uploads\/2018\/01\/Ivana-Kapec-neue-1-320x202.jpg\" width=\"320\" height=\"202\" alt=\"\" title=\"Ivana Kapec neue 1\" aria-label=\"Ivana Kapec neue 1\" class=\"img-responsive wp-image-2112 fusion-gallery-image-size-fixed\" \/><\/a><\/div><\/div><div style=\"padding:5px;\" class=\"fusion-grid-column fusion-gallery-column fusion-gallery-column-5 hover-type-none\"><div class=\"fusion-gallery-image\"><a href=\"https:\/\/steinhaus-dalmatien.com\/wp-content\/uploads\/2018\/01\/Ivana-Kapec-App.2-nova-3.jpg\" rel=\"noreferrer\" data-rel=\"iLightbox[gallery_image_1]\" class=\"fusion-lightbox\" target=\"_self\"><img src=\"https:\/\/steinhaus-dalmatien.com\/wp-content\/uploads\/2018\/01\/Ivana-Kapec-App.2-nova-3-320x202.jpg\" width=\"320\" height=\"202\" alt=\"\" title=\"Ivana Kapec App.2 nova 3\" aria-label=\"Ivana Kapec App.2 nova 3\" class=\"img-responsive wp-image-2106 fusion-gallery-image-size-fixed\" \/><\/a><\/div><\/div><div style=\"padding:5px;\" class=\"fusion-grid-column fusion-gallery-column fusion-gallery-column-5 hover-type-none\"><div class=\"fusion-gallery-image\"><a href=\"https:\/\/steinhaus-dalmatien.com\/wp-content\/uploads\/2018\/01\/Ivana-App.2-Kapec-Kinderzimmer-01-1.jpg\" rel=\"noreferrer\" data-rel=\"iLightbox[gallery_image_1]\" class=\"fusion-lightbox\" target=\"_self\"><img src=\"https:\/\/steinhaus-dalmatien.com\/wp-content\/uploads\/2018\/01\/Ivana-App.2-Kapec-Kinderzimmer-01-1-320x202.jpg\" width=\"320\" height=\"202\" alt=\"\" title=\"Ivana App.2 Kapec Kinderzimmer 01\" aria-label=\"Ivana App.2 Kapec Kinderzimmer 01\" class=\"img-responsive wp-image-2102 fusion-gallery-image-size-fixed\" \/><\/a><\/div><\/div><div style=\"padding:5px;\" class=\"fusion-grid-column fusion-gallery-column fusion-gallery-column-5 hover-type-none\"><div class=\"fusion-gallery-image\"><a href=\"https:\/\/steinhaus-dalmatien.com\/wp-content\/uploads\/2018\/01\/Ivana-Kapec-App.2-nova-1.jpg\" rel=\"noreferrer\" data-rel=\"iLightbox[gallery_image_1]\" class=\"fusion-lightbox\" target=\"_self\"><img src=\"https:\/\/steinhaus-dalmatien.com\/wp-content\/uploads\/2018\/01\/Ivana-Kapec-App.2-nova-1-320x202.jpg\" width=\"320\" height=\"202\" alt=\"\" title=\"Ivana Kapec App.2 nova 1\" aria-label=\"Ivana Kapec App.2 nova 1\" class=\"img-responsive wp-image-2105 fusion-gallery-image-size-fixed\" \/><\/a><\/div><\/div><div class=\"clearfix\"><\/div><div style=\"padding:5px;\" class=\"fusion-grid-column fusion-gallery-column fusion-gallery-column-5 hover-type-none\"><div class=\"fusion-gallery-image\"><a href=\"https:\/\/steinhaus-dalmatien.com\/wp-content\/uploads\/2018\/01\/Ivana-Kapec-neue-Sz.jpg\" rel=\"noreferrer\" data-rel=\"iLightbox[gallery_image_1]\" class=\"fusion-lightbox\" target=\"_self\"><img src=\"https:\/\/steinhaus-dalmatien.com\/wp-content\/uploads\/2018\/01\/Ivana-Kapec-neue-Sz-320x202.jpg\" width=\"320\" height=\"202\" alt=\"\" title=\"Ivana Kapec neue Sz\" aria-label=\"Ivana Kapec neue Sz\" class=\"img-responsive wp-image-2113 fusion-gallery-image-size-fixed\" \/><\/a><\/div><\/div><div style=\"padding:5px;\" class=\"fusion-grid-column fusion-gallery-column fusion-gallery-column-5 hover-type-none\"><div class=\"fusion-gallery-image\"><a href=\"https:\/\/steinhaus-dalmatien.com\/wp-content\/uploads\/2018\/01\/Ivana-Kapec-App.2-Bad.jpg\" rel=\"noreferrer\" data-rel=\"iLightbox[gallery_image_1]\" class=\"fusion-lightbox\" target=\"_self\"><img src=\"https:\/\/steinhaus-dalmatien.com\/wp-content\/uploads\/2018\/01\/Ivana-Kapec-App.2-Bad-320x202.jpg\" width=\"320\" height=\"202\" alt=\"\" title=\"Ivana Kapec App.2 Bad\" aria-label=\"Ivana Kapec App.2 Bad\" class=\"img-responsive wp-image-2104 fusion-gallery-image-size-fixed\" \/><\/a><\/div><\/div><\/div><div class=\"fusion-clearfix\"><\/div><\/div><\/div><\/div><\/div><div class=\"fusion-fullwidth fullwidth-box fusion-builder-row-2 nonhundred-percent-fullwidth non-hundred-percent-height-scrolling\" style=\"background-color: #f4f6f8;background-position: center top;background-repeat: no-repeat;padding-top:0px;padding-right:0px;padding-bottom:80px;padding-left:0px;margin-bottom: 0px;margin-top: 0px;border-width: 0px 0px 0px 0px;border-color:#eae9e9;border-style:solid;\" ><div class=\"fusion-builder-row fusion-row\"><div class=\"fusion-layout-column fusion_builder_column fusion-builder-column-4 fusion_builder_column_1_1 1_1 fusion-one-full fusion-column-first fusion-column-last fusion-column-no-min-height\" style=\"margin-top:0px;margin-bottom:0px;\"><div class=\"fusion-column-wrapper fusion-flex-column-wrapper-legacy\" style=\"background-position:left top;background-repeat:no-repeat;-webkit-background-size:cover;-moz-background-size:cover;-o-background-size:cover;background-size:cover;padding: 0px 0px 0px 0px;\"><div class=\"imageframe-align-center\"><span class=\" fusion-imageframe imageframe-none imageframe-1 hover-type-none\"><img width=\"370\" height=\"82\" title=\"flowers_top\" src=\"https:\/\/steinhaus-dalmatien.com\/wp-content\/uploads\/2015\/01\/flowers_top.png\" alt class=\"img-responsive wp-image-2562\"\/><\/span><\/div><div class=\"fusion-sep-clear\"><\/div><div class=\"fusion-separator fusion-full-width-sep\" style=\"margin-left: auto;margin-right: auto;margin-top:25px;width:100%;\"><\/div><div class=\"fusion-sep-clear\"><\/div><div class=\"fusion-clearfix\"><\/div><\/div><\/div><div class=\"fusion-layout-column fusion_builder_column fusion-builder-column-5 fusion_builder_column_1_1 1_1 fusion-one-full fusion-column-first fusion-column-last fusion-column-no-min-height\" style=\"margin-top:0px;margin-bottom:0px;\"><div class=\"fusion-column-wrapper fusion-flex-column-wrapper-legacy\" style=\"background-position:left top;background-repeat:no-repeat;-webkit-background-size:cover;-moz-background-size:cover;-o-background-size:cover;background-size:cover;padding: 0px 0px 0px 0px;\"><div class=\"fusion-text fusion-text-4\"><p style=\"letter-spacing: 4px; font-size: 13px; margin-bottom: 0px; text-align: center;\">STRANDHAUS IVANA<\/p>\n<h1 style=\"text-align: center;\">Ausstattung<\/h1>\n<\/div><div class=\"fusion-sep-clear\"><\/div><div class=\"fusion-separator\" style=\"margin-left: auto;margin-right: auto;margin-top:0px;margin-bottom:60px;width:100%;max-width:50px;\"><div class=\"fusion-separator-border sep-single sep-solid\" style=\"border-color:#cbaa5c;border-top-width:1px;\"><\/div><\/div><div class=\"fusion-sep-clear\"><\/div><div class=\"fusion-clearfix\"><\/div><\/div><\/div><div class=\"fusion-layout-column fusion_builder_column fusion-builder-column-6 fusion_builder_column_1_4 1_4 fusion-one-fourth fusion-column-first\" style=\"width:22%; margin-right: 4%;margin-top:0px;margin-bottom:20px;\"><div class=\"fusion-column-wrapper fusion-flex-column-wrapper-legacy\" style=\"background-position:left top;background-repeat:no-repeat;-webkit-background-size:cover;-moz-background-size:cover;-o-background-size:cover;background-size:cover;padding: 0px 0px 0px 0px;\"><div class=\"fusion-clearfix\"><\/div><\/div><\/div><div class=\"fusion-layout-column fusion_builder_column fusion-builder-column-7 fusion_builder_column_3_4 3_4 fusion-three-fourth fusion-column-last\" style=\"width:74%;margin-top:0px;margin-bottom:20px;\"><div class=\"fusion-column-wrapper fusion-flex-column-wrapper-legacy\" style=\"background-position:left top;background-repeat:no-repeat;-webkit-background-size:cover;-moz-background-size:cover;-o-background-size:cover;background-size:cover;padding: 0px 0px 0px 0px;\"><ul class=\"fusion-checklist fusion-checklist-1\" style=\"font-size:14px;line-height:23.8px;\"><li style=\"background-color:rgba(255,255,255,0);\" class=\"fusion-li-item\"><span style=\"height:23.8px;width:23.8px;margin-right:9.8px;\" class=\"icon-wrapper circle-no\"><i class=\"fusion-li-icon fa fa-check-circle-o\" style=\"color:#cbaa5c;\" aria-hidden=\"true\"><\/i><\/span><div class=\"fusion-li-item-content\" style=\"margin-left:33.6px;color:var(--awb-color8);\">\n<pre class=\"aLF-aPX-K0-aPE\">- 1 Schlafzimmer mit Doppelbett (160 x 200 cm, ein Einzelbett 80 x 200 cm) , Kleiderschrank und Bettw\u00e4sche.\r\n- 1 Schlafzimmer mit zwei Einzelbetten (80 x 200 cm), Kleiderschrank und Bettw\u00e4sche.\r\n- 1 Wohnzimmer mit Sofa uns Sat-TV.\r\n- 1 K\u00fcche. Die K\u00fcche ist ausgestattet mit Kochfeld, Backofen, Geschirrsp\u00fcler, K\u00fchlschrank mit separatem Gefrierfach, \r\nKaffeemaschine, Wasserkocher, Toaster, Mikrowelle, Geschirr, Gl\u00e4ser, Besteck, Kochgeschirr usw.\r\n- 1 Bad mit Dusche, Waschtisch, Wachmaschine, WC, Handt\u00fccher, Duscht\u00fccher, Haarf\u00f6n und Toilettenpapier.\r\n- Terrasse mit  Sonnenschirm, Tisch und 6 St\u00fchlen.\r\n- Kostenfreie Parkpl\u00e4tze.\r\n- WLAN kostenfrei.\r\n- 4 Strandliegen pro Wohnung plus Sonnenschirm, kostenfrei.\r\n- Kinderbett und Hochstuhl auf Anfrage (Aufpreis 5 Euro pro Tag).\r\n- F\u00fcr Ihre Boote ist eine Boje vor dem Ferienhaus vorhanden (Aufpreis 10 Euro pro Tag).\r\n<\/pre>\n<\/div><\/li><\/ul><div class=\"fusion-clearfix\"><\/div><\/div><\/div><\/div><\/div><div class=\"fusion-fullwidth fullwidth-box fusion-builder-row-3 nonhundred-percent-fullwidth non-hundred-percent-height-scrolling fusion-equal-height-columns\" style=\"background-color: rgba(255,255,255,0);background-position: left top;background-repeat: no-repeat;padding-top:100px;padding-right:0px;padding-bottom:100px;padding-left:0px;margin-bottom: 0px;margin-top: 0px;border-width: 0px 0px 0px 0px;border-color:#eae9e9;border-style:solid;\" ><div class=\"fusion-builder-row fusion-row\"><div class=\"fusion-layout-column fusion_builder_column fusion-builder-column-8 fusion_builder_column_1_1 1_1 fusion-one-full fusion-column-first fusion-column-last\" style=\"margin-top:0px;margin-bottom:20px;\"><div class=\"fusion-column-wrapper fusion-flex-column-wrapper-legacy\" style=\"background-position:right bottom;background-repeat:no-repeat;-webkit-background-size:cover;-moz-background-size:cover;-o-background-size:cover;background-size:cover;padding: 0px 0px 0px 0px;\"><div class=\"fusion-text fusion-text-5\"><h1 style=\"text-align: center;\">Kalenderverf\u00fcgbarkeit<\/h1>\n<\/div><div class=\"fusion-sep-clear\"><\/div><div class=\"fusion-separator\" style=\"margin-left: auto;margin-right: auto;margin-top:0px;margin-bottom:20px;width:100%;max-width:50px;\"><div class=\"fusion-separator-border sep-single sep-solid\" style=\"border-color:#cbaa5c;border-top-width:1px;\"><\/div><\/div><div class=\"fusion-sep-clear\"><\/div><div class=\"fusion-text fusion-text-6\"><div align=\"center\"><iframe src=\"https:\/\/med-irishcentre.com\/ivana\/?id=8&amp;ln=de\" width=\"1024px\" height=\"350px\" scrolling=\"no\" align=\"center\"><\/iframe><\/div>\n<\/div><div class=\"fusion-sep-clear\"><\/div><div class=\"fusion-separator fusion-full-width-sep\" style=\"margin-left: auto;margin-right: auto;margin-top:20px;width:100%;\"><\/div><div class=\"fusion-sep-clear\"><\/div><div class=\"fusion-clearfix\"><\/div><\/div><\/div><\/div><\/div><div class=\"fusion-fullwidth fullwidth-box fusion-builder-row-4 nonhundred-percent-fullwidth non-hundred-percent-height-scrolling fusion-equal-height-columns\" style=\"background-color: rgba(255,255,255,0);background-position: left top;background-repeat: no-repeat;padding-top:100px;padding-right:0px;padding-bottom:100px;padding-left:0px;margin-bottom: 0px;margin-top: 0px;border-width: 0px 0px 0px 0px;border-color:#eae9e9;border-style:solid;\" ><div class=\"fusion-builder-row fusion-row\"><div class=\"fusion-layout-column fusion_builder_column fusion-builder-column-9 fusion_builder_column_1_1 1_1 fusion-one-full fusion-column-first fusion-column-last\" style=\"margin-top:0px;margin-bottom:20px;\"><div class=\"fusion-column-wrapper fusion-flex-column-wrapper-legacy\" style=\"background-position:right bottom;background-repeat:no-repeat;-webkit-background-size:cover;-moz-background-size:cover;-o-background-size:cover;background-size:cover;padding: 0px 0px 0px 0px;\"><div class=\"fusion-text fusion-text-7\"><h1 style=\"text-align: center;\">Preisliste nach Datum<\/h1>\n<\/div><div class=\"fusion-sep-clear\"><\/div><div class=\"fusion-separator\" style=\"margin-left: auto;margin-right: auto;margin-top:0px;margin-bottom:20px;width:100%;max-width:50px;\"><div class=\"fusion-separator-border sep-single sep-solid\" style=\"border-color:#cbaa5c;border-top-width:1px;\"><\/div><\/div><div class=\"fusion-sep-clear\"><\/div><div class=\"fusion-text fusion-text-8\"><table class=\" aligncenter\" width=\"294\">\n<tbody>\n<tr>\n<td width=\"129\"><strong>01.04.- 30.04. <\/strong><\/td>\n<td width=\"85\"><strong>60,00 \u20ac <\/strong><\/td>\n<\/tr>\n<tr>\n<td width=\"129\"><strong>01.05.- 31.05. <\/strong><\/td>\n<td width=\"85\">80,00 \u20ac<\/td>\n<\/tr>\n<tr>\n<td width=\"129\"><strong>01.06.- 20.06. <\/strong><\/td>\n<td width=\"85\">120,00 \u20ac<\/td>\n<\/tr>\n<tr>\n<td width=\"129\"><strong>21.06.- 06.07. <\/strong><\/td>\n<td width=\"85\">140,00 \u20ac<\/td>\n<\/tr>\n<tr>\n<td width=\"129\"><strong>07.07.- 31.08. <\/strong><\/td>\n<td width=\"85\">175,00 \u20ac<\/td>\n<\/tr>\n<tr>\n<td width=\"129\"><strong>01.09. &#8211; 15.09. <\/strong><\/td>\n<td width=\"85\">140,00 \u20ac<\/td>\n<\/tr>\n<tr>\n<td width=\"129\"><strong>16.09.- 30.09. <\/strong><\/td>\n<td width=\"85\">90,00 \u20ac<\/td>\n<\/tr>\n<tr>\n<td width=\"129\"><strong>01.10. &#8211; 31.10. <\/strong><\/td>\n<td width=\"85\">70,00 \u20ac<\/td>\n<\/tr>\n<\/tbody>\n<\/table>\n<\/div><div class=\"fusion-sep-clear\"><\/div><div class=\"fusion-separator fusion-full-width-sep\" style=\"margin-left: auto;margin-right: auto;margin-top:20px;width:100%;\"><\/div><div class=\"fusion-sep-clear\"><\/div><div class=\"fusion-clearfix\"><\/div><\/div><\/div><\/div><\/div><\/p>\n","protected":false},"excerpt":{"rendered":"","protected":false},"author":1,"featured_media":0,"parent":2356,"menu_order":0,"comment_status":"closed","ping_status":"closed","template":"100-width.php","meta":[],"_links":{"self":[{"href":"https:\/\/steinhaus-dalmatien.com\/de\/wp-json\/wp\/v2\/pages\/2512\/"}],"collection":[{"href":"https:\/\/steinhaus-dalmatien.com\/de\/wp-json\/wp\/v2\/pages\/"}],"about":[{"href":"https:\/\/steinhaus-dalmatien.com\/de\/wp-json\/wp\/v2\/types\/page\/"}],"author":[{"embeddable":true,"href":"https:\/\/steinhaus-dalmatien.com\/de\/wp-json\/wp\/v2\/users\/1\/"}],"replies":[{"embeddable":true,"href":"https:\/\/steinhaus-dalmatien.com\/de\/wp-json\/wp\/v2\/comments\/?post=2512"}],"version-history":[{"count":3,"href":"https:\/\/steinhaus-dalmatien.com\/de\/wp-json\/wp\/v2\/pages\/2512\/revisions\/"}],"predecessor-version":[{"id":3537,"href":"https:\/\/steinhaus-dalmatien.com\/de\/wp-json\/wp\/v2\/pages\/2512\/revisions\/3537\/"}],"up":[{"embeddable":true,"href":"https:\/\/steinhaus-dalmatien.com\/de\/wp-json\/wp\/v2\/pages\/2356\/"}],"wp:attachment":[{"href":"https:\/\/steinhaus-dalmatien.com\/de\/wp-json\/wp\/v2\/media\/?parent=2512"}],"curies":[{"name":"wp","href":"https:\/\/api.w.org\/{rel}","templated":true}]}}