{"id":2504,"date":"2018-01-25T08:55:31","date_gmt":"2018-01-25T07:55:31","guid":{"rendered":"https:\/\/steinhaus-dalmatien.com\/steinhaus-dalmatien-2\/apartman-5\/"},"modified":"2023-09-01T14:53:28","modified_gmt":"2023-09-01T12:53:28","slug":"apartman-5","status":"publish","type":"page","link":"https:\/\/steinhaus-dalmatien.com\/de\/steinhaus-dalmatien-2\/apartman-5\/","title":{"rendered":"Ferienwohnung 5"},"content":{"rendered":"<p><div class=\"fusion-fullwidth fullwidth-box fusion-builder-row-1 nonhundred-percent-fullwidth non-hundred-percent-height-scrolling\" style=\"background-color: rgba(255,255,255,0);background-position: left top;background-repeat: no-repeat;padding-top:0px;padding-right:0px;padding-bottom:95px;padding-left:0px;margin-bottom: 0px;margin-top: 0px;border-width: 0px 0px 0px 0px;border-color:#eae9e9;border-style:solid;\" ><div class=\"fusion-builder-row fusion-row\"><div class=\"fusion-layout-column fusion_builder_column fusion-builder-column-0 fusion_builder_column_3_5 3_5 fusion-three-fifth fusion-column-first\" style=\"width:58.4%; margin-right: 4%;margin-top:0px;margin-bottom:20px;\"><div class=\"fusion-column-wrapper fusion-flex-column-wrapper-legacy\" style=\"background-position:right bottom;background-repeat:no-repeat;-webkit-background-size:cover;-moz-background-size:cover;-o-background-size:cover;background-size:cover;padding: 0px 0px 0px 0px;\"><div class=\"fusion-text fusion-text-1\"><p style=\"letter-spacing: 4px; font-size: 13px; margin-bottom: 0px;\">\u00dcBERSICHT<\/p>\n<h1>Ferienwohnung 5<\/h1>\n<\/div><div class=\"fusion-sep-clear\"><\/div><div class=\"fusion-separator fusion-clearfix\" style=\"float:left;margin-top:0px;margin-bottom:20px;width:100%;max-width:50px;\"><div class=\"fusion-separator-border sep-single sep-solid\" style=\"border-color:#cbaa5c;border-top-width:1px;\"><\/div><\/div><div class=\"fusion-sep-clear\"><\/div><div class=\"fusion-text fusion-text-2\"><p style=\"text-align: left;\">Die Ferienwohnung 5 &#8211; mit Balkon und direktem Meerblick &#8211; befindet sich in der zweiten Etage des Steinhauses.<\/p>\n<\/div><div class=\"fusion-clearfix\"><\/div><\/div><\/div><div class=\"fusion-layout-column fusion_builder_column fusion-builder-column-1 fusion_builder_column_2_5 2_5 fusion-two-fifth fusion-column-last\" style=\"width:37.6%;margin-top:0px;margin-bottom:20px;\"><div class=\"fusion-column-wrapper fusion-flex-column-wrapper-legacy\" style=\"background-position:right bottom;background-repeat:no-repeat;-webkit-background-size:cover;-moz-background-size:cover;-o-background-size:cover;background-size:cover;background-color:#f4f6f8;border-width: 1px 1px 1px 1px;border-color:#ebeef1;border-style:solid;padding: 45px 45px 45px 45px;\"><div class=\"fusion-text fusion-text-3\"><p style=\"letter-spacing: 4px; font-size: 13px; margin-bottom: 0px; text-align: center;\">KONTAKTFORMULAR F\u00dcR BUCHUNG<\/p>\n<h1 style=\"text-align: center;\">Buchen Sie jetzt!<\/h1>\n<\/div><div class=\"fusion-sep-clear\"><\/div><div class=\"fusion-separator fusion-full-width-sep\" style=\"margin-left: auto;margin-right: auto;margin-top:0px;margin-bottom:30px;width:100%;\"><div class=\"fusion-separator-border sep-single sep-solid\" style=\"border-color:#cbaa5c;border-top-width:1px;\"><\/div><\/div><div class=\"fusion-sep-clear\"><\/div><div class=\"fusion-button-wrapper\"><style>.fusion-button.button-1{border-radius:2px 2px 2px 2px;}<\/style><a class=\"fusion-button button-flat button-large button-default button-1 fusion-button-default-span \" target=\"_self\" href=\"de\/\/kontakt\/\"><span class=\"fusion-button-text fusion-button-text-right\">Buchen Sie jetzt!<\/span><span class=\"fusion-button-icon-divider button-icon-divider-right\"><i class=\" fa fa-angle-right\" aria-hidden=\"true\"><\/i><\/span><\/a><\/div><div class=\"fusion-sep-clear\"><\/div><div class=\"fusion-separator fusion-full-width-sep\" style=\"margin-left: auto;margin-right: auto;margin-top:-20px;width:100%;\"><\/div><div class=\"fusion-sep-clear\"><\/div><div class=\"fusion-clearfix\"><\/div><\/div><\/div><div class=\"fusion-layout-column fusion_builder_column fusion-builder-column-2 fusion_builder_column_1_1 1_1 fusion-one-full fusion-column-first fusion-column-last fusion-column-no-min-height\" style=\"margin-top:0px;margin-bottom:0px;\"><div class=\"fusion-column-wrapper fusion-flex-column-wrapper-legacy\" style=\"background-position:left top;background-repeat:no-repeat;-webkit-background-size:cover;-moz-background-size:cover;-o-background-size:cover;background-size:cover;padding: 0px 0px 0px 0px;\"><div class=\"fusion-sep-clear\"><\/div><div class=\"fusion-separator fusion-full-width-sep\" style=\"margin-left: auto;margin-right: auto;margin-top:13px;margin-bottom:13px;width:100%;\"><\/div><div class=\"fusion-sep-clear\"><\/div><div class=\"fusion-clearfix\"><\/div><\/div><\/div><div class=\"fusion-layout-column fusion_builder_column fusion-builder-column-3 fusion_builder_column_1_1 1_1 fusion-one-full fusion-column-first fusion-column-last\" style=\"margin-top:0px;margin-bottom:20px;\"><div class=\"fusion-column-wrapper fusion-flex-column-wrapper-legacy\" style=\"background-position:left top;background-repeat:no-repeat;-webkit-background-size:cover;-moz-background-size:cover;-o-background-size:cover;background-size:cover;padding: 0px 0px 0px 0px;\"><style type=\"text\/css\">.fusion-gallery-1 .fusion-gallery-image {border:0px solid var(--awb-color3);}<\/style><div class=\"fusion-gallery fusion-gallery-container fusion-grid-5 fusion-columns-total-14 fusion-gallery-layout-grid fusion-gallery-1\" style=\"margin:-5px;\"><div style=\"padding:5px;\" class=\"fusion-grid-column fusion-gallery-column fusion-gallery-column-5 hover-type-none\"><div class=\"fusion-gallery-image\"><a href=\"https:\/\/steinhaus-dalmatien.com\/wp-content\/uploads\/2018\/01\/IMGP8231.jpg\" rel=\"noreferrer\" data-rel=\"iLightbox[gallery_image_1]\" class=\"fusion-lightbox\" target=\"_self\"><img src=\"https:\/\/steinhaus-dalmatien.com\/wp-content\/uploads\/2018\/01\/IMGP8231-320x202.jpg\" width=\"320\" height=\"202\" alt=\"\" title=\"IMGP8231\" aria-label=\"IMGP8231\" class=\"img-responsive wp-image-2078 fusion-gallery-image-size-fixed\" \/><\/a><\/div><\/div><div style=\"padding:5px;\" class=\"fusion-grid-column fusion-gallery-column fusion-gallery-column-5 hover-type-none\"><div class=\"fusion-gallery-image\"><a href=\"https:\/\/steinhaus-dalmatien.com\/wp-content\/uploads\/2018\/01\/IMGP8233.jpg\" rel=\"noreferrer\" data-rel=\"iLightbox[gallery_image_1]\" class=\"fusion-lightbox\" target=\"_self\"><img src=\"https:\/\/steinhaus-dalmatien.com\/wp-content\/uploads\/2018\/01\/IMGP8233-320x202.jpg\" width=\"320\" height=\"202\" alt=\"\" title=\"IMGP8233\" aria-label=\"IMGP8233\" class=\"img-responsive wp-image-2079 fusion-gallery-image-size-fixed\" \/><\/a><\/div><\/div><div style=\"padding:5px;\" class=\"fusion-grid-column fusion-gallery-column fusion-gallery-column-5 hover-type-none\"><div class=\"fusion-gallery-image\"><a href=\"https:\/\/steinhaus-dalmatien.com\/wp-content\/uploads\/2018\/01\/IMGP8182.jpg\" rel=\"noreferrer\" data-rel=\"iLightbox[gallery_image_1]\" class=\"fusion-lightbox\" target=\"_self\"><img src=\"https:\/\/steinhaus-dalmatien.com\/wp-content\/uploads\/2018\/01\/IMGP8182-320x202.jpg\" width=\"320\" height=\"202\" alt=\"\" title=\"IMGP8182\" aria-label=\"IMGP8182\" class=\"img-responsive wp-image-2065 fusion-gallery-image-size-fixed\" \/><\/a><\/div><\/div><div style=\"padding:5px;\" class=\"fusion-grid-column fusion-gallery-column fusion-gallery-column-5 hover-type-none\"><div class=\"fusion-gallery-image\"><a href=\"https:\/\/steinhaus-dalmatien.com\/wp-content\/uploads\/2018\/01\/IMGP8184.jpg\" rel=\"noreferrer\" data-rel=\"iLightbox[gallery_image_1]\" class=\"fusion-lightbox\" target=\"_self\"><img src=\"https:\/\/steinhaus-dalmatien.com\/wp-content\/uploads\/2018\/01\/IMGP8184-320x202.jpg\" width=\"320\" height=\"202\" alt=\"\" title=\"IMGP8184\" aria-label=\"IMGP8184\" class=\"img-responsive wp-image-2066 fusion-gallery-image-size-fixed\" \/><\/a><\/div><\/div><div style=\"padding:5px;\" class=\"fusion-grid-column fusion-gallery-column fusion-gallery-column-5 hover-type-none\"><div class=\"fusion-gallery-image\"><a href=\"https:\/\/steinhaus-dalmatien.com\/wp-content\/uploads\/2018\/01\/IMGP8187.jpg\" rel=\"noreferrer\" data-rel=\"iLightbox[gallery_image_1]\" class=\"fusion-lightbox\" target=\"_self\"><img src=\"https:\/\/steinhaus-dalmatien.com\/wp-content\/uploads\/2018\/01\/IMGP8187-320x202.jpg\" width=\"320\" height=\"202\" alt=\"\" title=\"IMGP8187\" aria-label=\"IMGP8187\" class=\"img-responsive wp-image-2067 fusion-gallery-image-size-fixed\" \/><\/a><\/div><\/div><div class=\"clearfix\"><\/div><div style=\"padding:5px;\" class=\"fusion-grid-column fusion-gallery-column fusion-gallery-column-5 hover-type-none\"><div class=\"fusion-gallery-image\"><a href=\"https:\/\/steinhaus-dalmatien.com\/wp-content\/uploads\/2018\/01\/IMGP8188.jpg\" rel=\"noreferrer\" data-rel=\"iLightbox[gallery_image_1]\" class=\"fusion-lightbox\" target=\"_self\"><img src=\"https:\/\/steinhaus-dalmatien.com\/wp-content\/uploads\/2018\/01\/IMGP8188-320x202.jpg\" width=\"320\" height=\"202\" alt=\"\" title=\"IMGP8188\" aria-label=\"IMGP8188\" class=\"img-responsive wp-image-2068 fusion-gallery-image-size-fixed\" \/><\/a><\/div><\/div><div style=\"padding:5px;\" class=\"fusion-grid-column fusion-gallery-column fusion-gallery-column-5 hover-type-none\"><div class=\"fusion-gallery-image\"><a href=\"https:\/\/steinhaus-dalmatien.com\/wp-content\/uploads\/2018\/01\/IMGP8195.jpg\" rel=\"noreferrer\" data-rel=\"iLightbox[gallery_image_1]\" class=\"fusion-lightbox\" target=\"_self\"><img src=\"https:\/\/steinhaus-dalmatien.com\/wp-content\/uploads\/2018\/01\/IMGP8195-320x202.jpg\" width=\"320\" height=\"202\" alt=\"\" title=\"IMGP8195\" aria-label=\"IMGP8195\" class=\"img-responsive wp-image-2069 fusion-gallery-image-size-fixed\" \/><\/a><\/div><\/div><div style=\"padding:5px;\" class=\"fusion-grid-column fusion-gallery-column fusion-gallery-column-5 hover-type-none\"><div class=\"fusion-gallery-image\"><a href=\"https:\/\/steinhaus-dalmatien.com\/wp-content\/uploads\/2018\/01\/IMGP8197.jpg\" rel=\"noreferrer\" data-rel=\"iLightbox[gallery_image_1]\" class=\"fusion-lightbox\" target=\"_self\"><img src=\"https:\/\/steinhaus-dalmatien.com\/wp-content\/uploads\/2018\/01\/IMGP8197-320x202.jpg\" width=\"320\" height=\"202\" alt=\"\" title=\"IMGP8197\" aria-label=\"IMGP8197\" class=\"img-responsive wp-image-2070 fusion-gallery-image-size-fixed\" \/><\/a><\/div><\/div><div style=\"padding:5px;\" class=\"fusion-grid-column fusion-gallery-column fusion-gallery-column-5 hover-type-none\"><div class=\"fusion-gallery-image\"><a href=\"https:\/\/steinhaus-dalmatien.com\/wp-content\/uploads\/2018\/01\/IMGP8202.jpg\" rel=\"noreferrer\" data-rel=\"iLightbox[gallery_image_1]\" class=\"fusion-lightbox\" target=\"_self\"><img src=\"https:\/\/steinhaus-dalmatien.com\/wp-content\/uploads\/2018\/01\/IMGP8202-320x202.jpg\" width=\"320\" height=\"202\" alt=\"\" title=\"IMGP8202\" aria-label=\"IMGP8202\" class=\"img-responsive wp-image-2071 fusion-gallery-image-size-fixed\" \/><\/a><\/div><\/div><div style=\"padding:5px;\" class=\"fusion-grid-column fusion-gallery-column fusion-gallery-column-5 hover-type-none\"><div class=\"fusion-gallery-image\"><a href=\"https:\/\/steinhaus-dalmatien.com\/wp-content\/uploads\/2018\/01\/IMGP8207.jpg\" rel=\"noreferrer\" data-rel=\"iLightbox[gallery_image_1]\" class=\"fusion-lightbox\" target=\"_self\"><img src=\"https:\/\/steinhaus-dalmatien.com\/wp-content\/uploads\/2018\/01\/IMGP8207-320x202.jpg\" width=\"320\" height=\"202\" alt=\"\" title=\"IMGP8207\" aria-label=\"IMGP8207\" class=\"img-responsive wp-image-2072 fusion-gallery-image-size-fixed\" \/><\/a><\/div><\/div><div class=\"clearfix\"><\/div><div style=\"padding:5px;\" class=\"fusion-grid-column fusion-gallery-column fusion-gallery-column-5 hover-type-none\"><div class=\"fusion-gallery-image\"><a href=\"https:\/\/steinhaus-dalmatien.com\/wp-content\/uploads\/2018\/01\/IMGP8209.jpg\" rel=\"noreferrer\" data-rel=\"iLightbox[gallery_image_1]\" class=\"fusion-lightbox\" target=\"_self\"><img src=\"https:\/\/steinhaus-dalmatien.com\/wp-content\/uploads\/2018\/01\/IMGP8209-320x202.jpg\" width=\"320\" height=\"202\" alt=\"\" title=\"IMGP8209\" aria-label=\"IMGP8209\" class=\"img-responsive wp-image-2073 fusion-gallery-image-size-fixed\" \/><\/a><\/div><\/div><div style=\"padding:5px;\" class=\"fusion-grid-column fusion-gallery-column fusion-gallery-column-5 hover-type-none\"><div class=\"fusion-gallery-image\"><a href=\"https:\/\/steinhaus-dalmatien.com\/wp-content\/uploads\/2018\/01\/IMGP8221.jpg\" rel=\"noreferrer\" data-rel=\"iLightbox[gallery_image_1]\" class=\"fusion-lightbox\" target=\"_self\"><img src=\"https:\/\/steinhaus-dalmatien.com\/wp-content\/uploads\/2018\/01\/IMGP8221-320x202.jpg\" width=\"320\" height=\"202\" alt=\"\" title=\"IMGP8221\" aria-label=\"IMGP8221\" class=\"img-responsive wp-image-2075 fusion-gallery-image-size-fixed\" \/><\/a><\/div><\/div><div style=\"padding:5px;\" class=\"fusion-grid-column fusion-gallery-column fusion-gallery-column-5 hover-type-none\"><div class=\"fusion-gallery-image\"><a href=\"https:\/\/steinhaus-dalmatien.com\/wp-content\/uploads\/2018\/01\/IMGP8223.jpg\" rel=\"noreferrer\" data-rel=\"iLightbox[gallery_image_1]\" class=\"fusion-lightbox\" target=\"_self\"><img src=\"https:\/\/steinhaus-dalmatien.com\/wp-content\/uploads\/2018\/01\/IMGP8223-320x202.jpg\" width=\"320\" height=\"202\" alt=\"\" title=\"IMGP8223\" aria-label=\"IMGP8223\" class=\"img-responsive wp-image-2076 fusion-gallery-image-size-fixed\" \/><\/a><\/div><\/div><div style=\"padding:5px;\" class=\"fusion-grid-column fusion-gallery-column fusion-gallery-column-5 hover-type-none\"><div class=\"fusion-gallery-image\"><a href=\"https:\/\/steinhaus-dalmatien.com\/wp-content\/uploads\/2018\/01\/IMGP8227.jpg\" rel=\"noreferrer\" data-rel=\"iLightbox[gallery_image_1]\" class=\"fusion-lightbox\" target=\"_self\"><img src=\"https:\/\/steinhaus-dalmatien.com\/wp-content\/uploads\/2018\/01\/IMGP8227-320x202.jpg\" width=\"320\" height=\"202\" alt=\"\" title=\"IMGP8227\" aria-label=\"IMGP8227\" class=\"img-responsive wp-image-2077 fusion-gallery-image-size-fixed\" \/><\/a><\/div><\/div><\/div><div class=\"fusion-clearfix\"><\/div><\/div><\/div><\/div><\/div><div class=\"fusion-fullwidth fullwidth-box fusion-builder-row-2 nonhundred-percent-fullwidth non-hundred-percent-height-scrolling\" style=\"background-color: #f4f6f8;background-position: center top;background-repeat: no-repeat;padding-top:0px;padding-right:0px;padding-bottom:80px;padding-left:0px;margin-bottom: 0px;margin-top: 0px;border-width: 0px 0px 0px 0px;border-color:#eae9e9;border-style:solid;\" ><div class=\"fusion-builder-row fusion-row\"><div class=\"fusion-layout-column fusion_builder_column fusion-builder-column-4 fusion_builder_column_1_1 1_1 fusion-one-full fusion-column-first fusion-column-last fusion-column-no-min-height\" style=\"margin-top:0px;margin-bottom:0px;\"><div class=\"fusion-column-wrapper fusion-flex-column-wrapper-legacy\" style=\"background-position:left top;background-repeat:no-repeat;-webkit-background-size:cover;-moz-background-size:cover;-o-background-size:cover;background-size:cover;padding: 0px 0px 0px 0px;\"><div class=\"imageframe-align-center\"><span class=\" fusion-imageframe imageframe-none imageframe-1 hover-type-none\"><img width=\"370\" height=\"82\" title=\"flowers_top\" src=\"https:\/\/steinhaus-dalmatien.com\/wp-content\/uploads\/2015\/01\/flowers_top.png\" alt class=\"img-responsive wp-image-2562\"\/><\/span><\/div><div class=\"fusion-sep-clear\"><\/div><div class=\"fusion-separator fusion-full-width-sep\" style=\"margin-left: auto;margin-right: auto;margin-top:25px;width:100%;\"><\/div><div class=\"fusion-sep-clear\"><\/div><div class=\"fusion-clearfix\"><\/div><\/div><\/div><div class=\"fusion-layout-column fusion_builder_column fusion-builder-column-5 fusion_builder_column_1_1 1_1 fusion-one-full fusion-column-first fusion-column-last fusion-column-no-min-height\" style=\"margin-top:0px;margin-bottom:0px;\"><div class=\"fusion-column-wrapper fusion-flex-column-wrapper-legacy\" style=\"background-position:left top;background-repeat:no-repeat;-webkit-background-size:cover;-moz-background-size:cover;-o-background-size:cover;background-size:cover;padding: 0px 0px 0px 0px;\"><div class=\"fusion-text fusion-text-4\"><p style=\"letter-spacing: 4px; font-size: 13px; margin-bottom: 0px; text-align: center;\">STEINHAUS DALMATIEN<\/p>\n<h1 style=\"text-align: center;\">Ausstattung<\/h1>\n<\/div><div class=\"fusion-sep-clear\"><\/div><div class=\"fusion-separator\" style=\"margin-left: auto;margin-right: auto;margin-top:0px;margin-bottom:60px;width:100%;max-width:50px;\"><div class=\"fusion-separator-border sep-single sep-solid\" style=\"border-color:#cbaa5c;border-top-width:1px;\"><\/div><\/div><div class=\"fusion-sep-clear\"><\/div><div class=\"fusion-clearfix\"><\/div><\/div><\/div><div class=\"fusion-layout-column fusion_builder_column fusion-builder-column-6 fusion_builder_column_1_4 1_4 fusion-one-fourth fusion-column-first\" style=\"width:22%; margin-right: 4%;margin-top:0px;margin-bottom:20px;\"><div class=\"fusion-column-wrapper fusion-flex-column-wrapper-legacy\" style=\"background-position:left top;background-repeat:no-repeat;-webkit-background-size:cover;-moz-background-size:cover;-o-background-size:cover;background-size:cover;padding: 0px 0px 0px 0px;\"><div class=\"fusion-clearfix\"><\/div><\/div><\/div><div class=\"fusion-layout-column fusion_builder_column fusion-builder-column-7 fusion_builder_column_3_4 3_4 fusion-three-fourth fusion-column-last\" style=\"width:74%;margin-top:0px;margin-bottom:20px;\"><div class=\"fusion-column-wrapper fusion-flex-column-wrapper-legacy\" style=\"background-position:left top;background-repeat:no-repeat;-webkit-background-size:cover;-moz-background-size:cover;-o-background-size:cover;background-size:cover;padding: 0px 0px 0px 0px;\"><ul class=\"fusion-checklist fusion-checklist-1\" style=\"font-size:14px;line-height:23.8px;\"><li style=\"background-color:rgba(255,255,255,0);\" class=\"fusion-li-item\"><span style=\"height:23.8px;width:23.8px;margin-right:9.8px;\" class=\"icon-wrapper circle-no\"><i class=\"fusion-li-icon fa fa-check-circle-o\" style=\"color:#cbaa5c;\" aria-hidden=\"true\"><\/i><\/span><div class=\"fusion-li-item-content\" style=\"margin-left:33.6px;color:var(--awb-color8);\">\n<pre class=\"aLF-aPX-K0-aPE\">- 1 Schlafzimmer mit Doppelbett (160 x 200 cm), Kleiderschrank und Bettw\u00e4sche \r\n- 1 Wohnk\u00fcche mit ausziehbarem Sofa (140 x 200 cm)\r\n- Die K\u00fcche ist ausgestattet mit Kochfeld, K\u00fchlschrank mit separatem Gefrierfach, \r\nKaffeemaschine, Wasserkocher, Toaster, Geschirr, Gl\u00e4ser, Besteck, Kochgeschirr usw.\r\n- 1 Bad mit Dusche, Waschtisch, Wachmaschine, WC, Handt\u00fccher, Duscht\u00fccher, Haarf\u00f6n und Toilettenpapier.\r\n- Balkon mit direktem Meerblick, Tisch und 2 St\u00fchle\r\n- Kostenfreie und gesicherte Parkpl\u00e4tze auf privatem Grundst\u00fcck.\r\n- WLAN kostenfrei.\r\n- Au\u00dfengrill mit Holzkohle, kostenfrei.\r\n- 2 Strandliegen pro Wohnung plus Sonnenschirm, kostenfrei.\r\n- Kinderbett und Hochstuhl auf Anfrage (Aufpreis 5 Euro pro Tag).\r\n- F\u00fcr die Boote ist eine Boje vor dem Ferienhaus vorhanden (Aufpreis 10 Euro pro Tag).<\/pre>\n<\/div><\/li><\/ul><div class=\"fusion-clearfix\"><\/div><\/div><\/div><\/div><\/div><div class=\"fusion-fullwidth fullwidth-box fusion-builder-row-3 nonhundred-percent-fullwidth non-hundred-percent-height-scrolling fusion-equal-height-columns\" style=\"background-color: rgba(255,255,255,0);background-position: left top;background-repeat: no-repeat;padding-top:100px;padding-right:0px;padding-bottom:100px;padding-left:0px;margin-bottom: 0px;margin-top: 0px;border-width: 0px 0px 0px 0px;border-color:#eae9e9;border-style:solid;\" ><div class=\"fusion-builder-row fusion-row\"><div class=\"fusion-layout-column fusion_builder_column fusion-builder-column-8 fusion_builder_column_1_1 1_1 fusion-one-full fusion-column-first fusion-column-last\" style=\"margin-top:0px;margin-bottom:20px;\"><div class=\"fusion-column-wrapper fusion-flex-column-wrapper-legacy\" style=\"background-position:right bottom;background-repeat:no-repeat;-webkit-background-size:cover;-moz-background-size:cover;-o-background-size:cover;background-size:cover;padding: 0px 0px 0px 0px;\"><div class=\"fusion-text fusion-text-5\"><h1 style=\"text-align: center;\">Kalenderverf\u00fcgbarkeit<\/h1>\n<\/div><div class=\"fusion-sep-clear\"><\/div><div class=\"fusion-separator\" style=\"margin-left: auto;margin-right: auto;margin-top:0px;margin-bottom:20px;width:100%;max-width:50px;\"><div class=\"fusion-separator-border sep-single sep-solid\" style=\"border-color:#cbaa5c;border-top-width:1px;\"><\/div><\/div><div class=\"fusion-sep-clear\"><\/div><div class=\"fusion-text fusion-text-6\"><div align=\"center\"><iframe src=\"https:\/\/med-irishcentre.com\/ivana\/?id=5&amp;ln=de\" width=\"1024px\" height=\"350px\" scrolling=\"no\" align=\"center\"><\/iframe><\/div>\n<\/div><div class=\"fusion-sep-clear\"><\/div><div class=\"fusion-separator fusion-full-width-sep\" style=\"margin-left: auto;margin-right: auto;margin-top:20px;width:100%;\"><\/div><div class=\"fusion-sep-clear\"><\/div><div class=\"fusion-clearfix\"><\/div><\/div><\/div><\/div><\/div><div class=\"fusion-fullwidth fullwidth-box fusion-builder-row-4 nonhundred-percent-fullwidth non-hundred-percent-height-scrolling fusion-equal-height-columns\" style=\"background-color: rgba(255,255,255,0);background-position: left top;background-repeat: no-repeat;padding-top:100px;padding-right:0px;padding-bottom:100px;padding-left:0px;margin-bottom: 0px;margin-top: 0px;border-width: 0px 0px 0px 0px;border-color:#eae9e9;border-style:solid;\" ><div class=\"fusion-builder-row fusion-row\"><div class=\"fusion-layout-column fusion_builder_column fusion-builder-column-9 fusion_builder_column_1_1 1_1 fusion-one-full fusion-column-first fusion-column-last\" style=\"margin-top:0px;margin-bottom:20px;\"><div class=\"fusion-column-wrapper fusion-flex-column-wrapper-legacy\" style=\"background-position:right bottom;background-repeat:no-repeat;-webkit-background-size:cover;-moz-background-size:cover;-o-background-size:cover;background-size:cover;padding: 0px 0px 0px 0px;\"><div class=\"fusion-text fusion-text-7\"><h1 style=\"text-align: center;\">Preisliste nach Datum<\/h1>\n<\/div><div class=\"fusion-sep-clear\"><\/div><div class=\"fusion-separator\" style=\"margin-left: auto;margin-right: auto;margin-top:0px;margin-bottom:20px;width:100%;max-width:50px;\"><div class=\"fusion-separator-border sep-single sep-solid\" style=\"border-color:#cbaa5c;border-top-width:1px;\"><\/div><\/div><div class=\"fusion-sep-clear\"><\/div><div class=\"fusion-text fusion-text-8\"><table class=\" aligncenter\" style=\"height: 243px;\" width=\"230\">\n<tbody>\n<tr>\n<td width=\"129\"><strong>01.04.- 30.04. <\/strong><\/td>\n<td width=\"85\"><strong>50,00 \u20ac <\/strong><\/td>\n<\/tr>\n<tr>\n<td width=\"129\"><strong>01.05.- 31.05. <\/strong><\/td>\n<td width=\"85\">70,00 \u20ac<\/td>\n<\/tr>\n<tr>\n<td width=\"129\"><strong>01.06.- 20.06. <\/strong><\/td>\n<td width=\"85\">90,00 \u20ac<\/td>\n<\/tr>\n<tr>\n<td width=\"129\"><strong>21.06.- 06.07. <\/strong><\/td>\n<td width=\"85\">145,00 \u20ac<\/td>\n<\/tr>\n<tr>\n<td width=\"129\"><strong>07.07.- 31.08. <\/strong><\/td>\n<td width=\"85\">165,00 \u20ac<\/td>\n<\/tr>\n<tr>\n<td width=\"129\"><strong>01.09. &#8211; 15.09. <\/strong><\/td>\n<td width=\"85\">145,00 \u20ac<\/td>\n<\/tr>\n<tr>\n<td width=\"129\"><strong>16.09.- 30.09. <\/strong><\/td>\n<td width=\"85\">90,00 \u20ac<\/td>\n<\/tr>\n<tr>\n<td width=\"129\"><strong>01.10. &#8211; 31.10. <\/strong><\/td>\n<td width=\"85\">60,00 \u20ac<\/td>\n<\/tr>\n<\/tbody>\n<\/table>\n<\/div><div class=\"fusion-sep-clear\"><\/div><div class=\"fusion-separator fusion-full-width-sep\" style=\"margin-left: auto;margin-right: auto;margin-top:20px;width:100%;\"><\/div><div class=\"fusion-sep-clear\"><\/div><div class=\"fusion-clearfix\"><\/div><\/div><\/div><\/div><\/div><\/p>\n","protected":false},"excerpt":{"rendered":"","protected":false},"author":1,"featured_media":0,"parent":2338,"menu_order":0,"comment_status":"closed","ping_status":"closed","template":"100-width.php","meta":[],"_links":{"self":[{"href":"https:\/\/steinhaus-dalmatien.com\/de\/wp-json\/wp\/v2\/pages\/2504\/"}],"collection":[{"href":"https:\/\/steinhaus-dalmatien.com\/de\/wp-json\/wp\/v2\/pages\/"}],"about":[{"href":"https:\/\/steinhaus-dalmatien.com\/de\/wp-json\/wp\/v2\/types\/page\/"}],"author":[{"embeddable":true,"href":"https:\/\/steinhaus-dalmatien.com\/de\/wp-json\/wp\/v2\/users\/1\/"}],"replies":[{"embeddable":true,"href":"https:\/\/steinhaus-dalmatien.com\/de\/wp-json\/wp\/v2\/comments\/?post=2504"}],"version-history":[{"count":4,"href":"https:\/\/steinhaus-dalmatien.com\/de\/wp-json\/wp\/v2\/pages\/2504\/revisions\/"}],"predecessor-version":[{"id":3579,"href":"https:\/\/steinhaus-dalmatien.com\/de\/wp-json\/wp\/v2\/pages\/2504\/revisions\/3579\/"}],"up":[{"embeddable":true,"href":"https:\/\/steinhaus-dalmatien.com\/de\/wp-json\/wp\/v2\/pages\/2338\/"}],"wp:attachment":[{"href":"https:\/\/steinhaus-dalmatien.com\/de\/wp-json\/wp\/v2\/media\/?parent=2504"}],"curies":[{"name":"wp","href":"https:\/\/api.w.org\/{rel}","templated":true}]}}