{"id":2452,"date":"2015-07-06T19:22:31","date_gmt":"2015-07-06T19:22:31","guid":{"rendered":"https:\/\/steinhaus-dalmatien.com\/steinhaus-dalmatien-2\/apartman-1\/"},"modified":"2023-09-01T14:48:42","modified_gmt":"2023-09-01T12:48:42","slug":"apartman-1","status":"publish","type":"page","link":"https:\/\/steinhaus-dalmatien.com\/de\/steinhaus-dalmatien-2\/apartman-1\/","title":{"rendered":"Ferienwohnung 1"},"content":{"rendered":"<p><div class=\"fusion-fullwidth fullwidth-box fusion-builder-row-1 nonhundred-percent-fullwidth non-hundred-percent-height-scrolling\" style=\"background-color: rgba(255,255,255,0);background-position: left top;background-repeat: no-repeat;padding-top:0px;padding-right:0px;padding-bottom:95px;padding-left:0px;margin-bottom: 0px;margin-top: 0px;border-width: 0px 0px 0px 0px;border-color:#eae9e9;border-style:solid;\" ><div class=\"fusion-builder-row fusion-row\"><div class=\"fusion-layout-column fusion_builder_column fusion-builder-column-0 fusion_builder_column_3_5 3_5 fusion-three-fifth fusion-column-first\" style=\"width:58.4%; margin-right: 4%;margin-top:0px;margin-bottom:20px;\"><div class=\"fusion-column-wrapper fusion-flex-column-wrapper-legacy\" style=\"background-position:right bottom;background-repeat:no-repeat;-webkit-background-size:cover;-moz-background-size:cover;-o-background-size:cover;background-size:cover;padding: 0px 0px 0px 0px;\"><div class=\"fusion-text fusion-text-1\"><p style=\"letter-spacing: 4px; font-size: 13px; margin-bottom: 0px;\">\u00dcBERSICHT<\/p>\n<h1>Ferienwohnung 1<\/h1>\n<\/div><div class=\"fusion-sep-clear\"><\/div><div class=\"fusion-separator fusion-clearfix\" style=\"float:left;margin-top:0px;margin-bottom:20px;width:100%;max-width:50px;\"><div class=\"fusion-separator-border sep-single sep-solid\" style=\"border-color:#cbaa5c;border-top-width:1px;\"><\/div><\/div><div class=\"fusion-sep-clear\"><\/div><div class=\"fusion-text fusion-text-2\"><p style=\"text-align: left;\">Die Ferienwohnung 1 befindet sich in der ersten Etage des Steinhauses. Die Gr\u00f6\u00dfe betr\u00e4gt ca. 35 m2. Die Wohnung ist f\u00fcr 2 Erwachse und 2 Kinder geeignet.<\/p>\n<\/div><div class=\"fusion-clearfix\"><\/div><\/div><\/div><div class=\"fusion-layout-column fusion_builder_column fusion-builder-column-1 fusion_builder_column_2_5 2_5 fusion-two-fifth fusion-column-last\" style=\"width:37.6%;margin-top:0px;margin-bottom:20px;\"><div class=\"fusion-column-wrapper fusion-flex-column-wrapper-legacy\" style=\"background-position:right bottom;background-repeat:no-repeat;-webkit-background-size:cover;-moz-background-size:cover;-o-background-size:cover;background-size:cover;background-color:#f4f6f8;border-width: 1px 1px 1px 1px;border-color:#ebeef1;border-style:solid;padding: 45px 45px 45px 45px;\"><div class=\"fusion-text fusion-text-3\"><p style=\"letter-spacing: 4px; font-size: 13px; margin-bottom: 0px; text-align: center;\">KONTAKTFORMULAR F\u00dcR BUCHUNG<\/p>\n<h1 style=\"text-align: center;\">Buchen Sie jetzt!<\/h1>\n<\/div><div class=\"fusion-sep-clear\"><\/div><div class=\"fusion-separator fusion-full-width-sep\" style=\"margin-left: auto;margin-right: auto;margin-top:0px;margin-bottom:30px;width:100%;\"><div class=\"fusion-separator-border sep-single sep-solid\" style=\"border-color:#cbaa5c;border-top-width:1px;\"><\/div><\/div><div class=\"fusion-sep-clear\"><\/div><div class=\"fusion-button-wrapper\"><style>.fusion-button.button-1{border-radius:2px 2px 2px 2px;}<\/style><a class=\"fusion-button button-flat button-large button-default button-1 fusion-button-default-span \" target=\"_self\" href=\"\/de\/kontakt\/\"><span class=\"fusion-button-text fusion-button-text-right\">Buchen Sie jetzt!<\/span><span class=\"fusion-button-icon-divider button-icon-divider-right\"><i class=\" fa fa-angle-right\" aria-hidden=\"true\"><\/i><\/span><\/a><\/div><div class=\"fusion-sep-clear\"><\/div><div class=\"fusion-separator fusion-full-width-sep\" style=\"margin-left: auto;margin-right: auto;margin-top:-20px;width:100%;\"><\/div><div class=\"fusion-sep-clear\"><\/div><div class=\"fusion-clearfix\"><\/div><\/div><\/div><div class=\"fusion-layout-column fusion_builder_column fusion-builder-column-2 fusion_builder_column_1_1 1_1 fusion-one-full fusion-column-first fusion-column-last fusion-column-no-min-height\" style=\"margin-top:0px;margin-bottom:0px;\"><div class=\"fusion-column-wrapper fusion-flex-column-wrapper-legacy\" style=\"background-position:left top;background-repeat:no-repeat;-webkit-background-size:cover;-moz-background-size:cover;-o-background-size:cover;background-size:cover;padding: 0px 0px 0px 0px;\"><div class=\"fusion-sep-clear\"><\/div><div class=\"fusion-separator fusion-full-width-sep\" style=\"margin-left: auto;margin-right: auto;margin-top:13px;margin-bottom:13px;width:100%;\"><\/div><div class=\"fusion-sep-clear\"><\/div><div class=\"fusion-clearfix\"><\/div><\/div><\/div><div class=\"fusion-layout-column fusion_builder_column fusion-builder-column-3 fusion_builder_column_1_1 1_1 fusion-one-full fusion-column-first fusion-column-last\" style=\"margin-top:0px;margin-bottom:20px;\"><div class=\"fusion-column-wrapper fusion-flex-column-wrapper-legacy\" style=\"background-position:left top;background-repeat:no-repeat;-webkit-background-size:cover;-moz-background-size:cover;-o-background-size:cover;background-size:cover;padding: 0px 0px 0px 0px;\"><style type=\"text\/css\">.fusion-gallery-1 .fusion-gallery-image {border:0px solid var(--awb-color3);}<\/style><div class=\"fusion-gallery fusion-gallery-container fusion-grid-5 fusion-columns-total-15 fusion-gallery-layout-grid fusion-gallery-1\" style=\"margin:-5px;\"><div style=\"padding:5px;\" class=\"fusion-grid-column fusion-gallery-column fusion-gallery-column-5 hover-type-none\"><div class=\"fusion-gallery-image\"><a href=\"https:\/\/steinhaus-dalmatien.com\/wp-content\/uploads\/2018\/01\/IMGP8139.jpg\" rel=\"noreferrer\" data-rel=\"iLightbox[gallery_image_1]\" class=\"fusion-lightbox\" target=\"_self\"><img src=\"https:\/\/steinhaus-dalmatien.com\/wp-content\/uploads\/2018\/01\/IMGP8139-320x202.jpg\" width=\"320\" height=\"202\" alt=\"\" title=\"IMGP8139\" aria-label=\"IMGP8139\" class=\"img-responsive wp-image-1998 fusion-gallery-image-size-fixed\" \/><\/a><\/div><\/div><div style=\"padding:5px;\" class=\"fusion-grid-column fusion-gallery-column fusion-gallery-column-5 hover-type-none\"><div class=\"fusion-gallery-image\"><a href=\"https:\/\/steinhaus-dalmatien.com\/wp-content\/uploads\/2018\/01\/IMGP8138.jpg\" rel=\"noreferrer\" data-rel=\"iLightbox[gallery_image_1]\" class=\"fusion-lightbox\" target=\"_self\"><img src=\"https:\/\/steinhaus-dalmatien.com\/wp-content\/uploads\/2018\/01\/IMGP8138-320x202.jpg\" width=\"320\" height=\"202\" alt=\"\" title=\"IMGP8138\" aria-label=\"IMGP8138\" class=\"img-responsive wp-image-1997 fusion-gallery-image-size-fixed\" \/><\/a><\/div><\/div><div style=\"padding:5px;\" class=\"fusion-grid-column fusion-gallery-column fusion-gallery-column-5 hover-type-none\"><div class=\"fusion-gallery-image\"><a href=\"https:\/\/steinhaus-dalmatien.com\/wp-content\/uploads\/2018\/01\/IMGP8122.jpg\" rel=\"noreferrer\" data-rel=\"iLightbox[gallery_image_1]\" class=\"fusion-lightbox\" target=\"_self\"><img src=\"https:\/\/steinhaus-dalmatien.com\/wp-content\/uploads\/2018\/01\/IMGP8122-320x202.jpg\" width=\"320\" height=\"202\" alt=\"\" title=\"IMGP8122\" aria-label=\"IMGP8122\" class=\"img-responsive wp-image-1992 fusion-gallery-image-size-fixed\" \/><\/a><\/div><\/div><div style=\"padding:5px;\" class=\"fusion-grid-column fusion-gallery-column fusion-gallery-column-5 hover-type-none\"><div class=\"fusion-gallery-image\"><a href=\"https:\/\/steinhaus-dalmatien.com\/wp-content\/uploads\/2018\/01\/IMGP8120.jpg\" rel=\"noreferrer\" data-rel=\"iLightbox[gallery_image_1]\" class=\"fusion-lightbox\" target=\"_self\"><img src=\"https:\/\/steinhaus-dalmatien.com\/wp-content\/uploads\/2018\/01\/IMGP8120-320x202.jpg\" width=\"320\" height=\"202\" alt=\"\" title=\"IMGP8120\" aria-label=\"IMGP8120\" class=\"img-responsive wp-image-1991 fusion-gallery-image-size-fixed\" \/><\/a><\/div><\/div><div style=\"padding:5px;\" class=\"fusion-grid-column fusion-gallery-column fusion-gallery-column-5 hover-type-none\"><div class=\"fusion-gallery-image\"><a href=\"https:\/\/steinhaus-dalmatien.com\/wp-content\/uploads\/2018\/01\/IMGP8118.jpg\" rel=\"noreferrer\" data-rel=\"iLightbox[gallery_image_1]\" class=\"fusion-lightbox\" target=\"_self\"><img src=\"https:\/\/steinhaus-dalmatien.com\/wp-content\/uploads\/2018\/01\/IMGP8118-320x202.jpg\" width=\"320\" height=\"202\" alt=\"\" title=\"IMGP8118\" aria-label=\"IMGP8118\" class=\"img-responsive wp-image-1990 fusion-gallery-image-size-fixed\" \/><\/a><\/div><\/div><div class=\"clearfix\"><\/div><div style=\"padding:5px;\" class=\"fusion-grid-column fusion-gallery-column fusion-gallery-column-5 hover-type-none\"><div class=\"fusion-gallery-image\"><a href=\"https:\/\/steinhaus-dalmatien.com\/wp-content\/uploads\/2018\/01\/IMGP8116.jpg\" rel=\"noreferrer\" data-rel=\"iLightbox[gallery_image_1]\" class=\"fusion-lightbox\" target=\"_self\"><img src=\"https:\/\/steinhaus-dalmatien.com\/wp-content\/uploads\/2018\/01\/IMGP8116-320x202.jpg\" width=\"320\" height=\"202\" alt=\"\" title=\"IMGP8116\" aria-label=\"IMGP8116\" class=\"img-responsive wp-image-1989 fusion-gallery-image-size-fixed\" \/><\/a><\/div><\/div><div style=\"padding:5px;\" class=\"fusion-grid-column fusion-gallery-column fusion-gallery-column-5 hover-type-none\"><div class=\"fusion-gallery-image\"><a href=\"https:\/\/steinhaus-dalmatien.com\/wp-content\/uploads\/2018\/01\/IMGP8114.jpg\" rel=\"noreferrer\" data-rel=\"iLightbox[gallery_image_1]\" class=\"fusion-lightbox\" target=\"_self\"><img src=\"https:\/\/steinhaus-dalmatien.com\/wp-content\/uploads\/2018\/01\/IMGP8114-320x202.jpg\" width=\"320\" height=\"202\" alt=\"\" title=\"IMGP8114\" aria-label=\"IMGP8114\" class=\"img-responsive wp-image-1988 fusion-gallery-image-size-fixed\" \/><\/a><\/div><\/div><div style=\"padding:5px;\" class=\"fusion-grid-column fusion-gallery-column fusion-gallery-column-5 hover-type-none\"><div class=\"fusion-gallery-image\"><a href=\"https:\/\/steinhaus-dalmatien.com\/wp-content\/uploads\/2018\/01\/IMGP8112.jpg\" rel=\"noreferrer\" data-rel=\"iLightbox[gallery_image_1]\" class=\"fusion-lightbox\" target=\"_self\"><img src=\"https:\/\/steinhaus-dalmatien.com\/wp-content\/uploads\/2018\/01\/IMGP8112-320x202.jpg\" width=\"320\" height=\"202\" alt=\"\" title=\"IMGP8112\" aria-label=\"IMGP8112\" class=\"img-responsive wp-image-1987 fusion-gallery-image-size-fixed\" \/><\/a><\/div><\/div><div style=\"padding:5px;\" class=\"fusion-grid-column fusion-gallery-column fusion-gallery-column-5 hover-type-none\"><div class=\"fusion-gallery-image\"><a href=\"https:\/\/steinhaus-dalmatien.com\/wp-content\/uploads\/2018\/01\/IMGP8104-copy.jpg\" rel=\"noreferrer\" data-rel=\"iLightbox[gallery_image_1]\" class=\"fusion-lightbox\" target=\"_self\"><img src=\"https:\/\/steinhaus-dalmatien.com\/wp-content\/uploads\/2018\/01\/IMGP8104-copy-320x202.jpg\" width=\"320\" height=\"202\" alt=\"\" title=\"IMGP8104 copy\" aria-label=\"IMGP8104 copy\" class=\"img-responsive wp-image-1985 fusion-gallery-image-size-fixed\" \/><\/a><\/div><\/div><div style=\"padding:5px;\" class=\"fusion-grid-column fusion-gallery-column fusion-gallery-column-5 hover-type-none\"><div class=\"fusion-gallery-image\"><a href=\"https:\/\/steinhaus-dalmatien.com\/wp-content\/uploads\/2018\/01\/IMGP8098-copy.jpg\" rel=\"noreferrer\" data-rel=\"iLightbox[gallery_image_1]\" class=\"fusion-lightbox\" target=\"_self\"><img src=\"https:\/\/steinhaus-dalmatien.com\/wp-content\/uploads\/2018\/01\/IMGP8098-copy-320x202.jpg\" width=\"320\" height=\"202\" alt=\"\" title=\"IMGP8098 copy\" aria-label=\"IMGP8098 copy\" class=\"img-responsive wp-image-1984 fusion-gallery-image-size-fixed\" \/><\/a><\/div><\/div><div class=\"clearfix\"><\/div><div style=\"padding:5px;\" class=\"fusion-grid-column fusion-gallery-column fusion-gallery-column-5 hover-type-none\"><div class=\"fusion-gallery-image\"><a href=\"https:\/\/steinhaus-dalmatien.com\/wp-content\/uploads\/2018\/01\/IMGP8109-copy.jpg\" rel=\"noreferrer\" data-rel=\"iLightbox[gallery_image_1]\" class=\"fusion-lightbox\" target=\"_self\"><img src=\"https:\/\/steinhaus-dalmatien.com\/wp-content\/uploads\/2018\/01\/IMGP8109-copy-320x202.jpg\" width=\"320\" height=\"202\" alt=\"\" title=\"IMGP8109 copy\" aria-label=\"IMGP8109 copy\" class=\"img-responsive wp-image-1986 fusion-gallery-image-size-fixed\" \/><\/a><\/div><\/div><div style=\"padding:5px;\" class=\"fusion-grid-column fusion-gallery-column fusion-gallery-column-5 hover-type-none\"><div class=\"fusion-gallery-image\"><a href=\"https:\/\/steinhaus-dalmatien.com\/wp-content\/uploads\/2018\/01\/IMGP8131.jpg\" rel=\"noreferrer\" data-rel=\"iLightbox[gallery_image_1]\" class=\"fusion-lightbox\" target=\"_self\"><img src=\"https:\/\/steinhaus-dalmatien.com\/wp-content\/uploads\/2018\/01\/IMGP8131-320x202.jpg\" width=\"320\" height=\"202\" alt=\"\" title=\"IMGP8131\" aria-label=\"IMGP8131\" class=\"img-responsive wp-image-1995 fusion-gallery-image-size-fixed\" \/><\/a><\/div><\/div><div style=\"padding:5px;\" class=\"fusion-grid-column fusion-gallery-column fusion-gallery-column-5 hover-type-none\"><div class=\"fusion-gallery-image\"><a href=\"https:\/\/steinhaus-dalmatien.com\/wp-content\/uploads\/2018\/01\/IMGP8130.jpg\" rel=\"noreferrer\" data-rel=\"iLightbox[gallery_image_1]\" class=\"fusion-lightbox\" target=\"_self\"><img src=\"https:\/\/steinhaus-dalmatien.com\/wp-content\/uploads\/2018\/01\/IMGP8130-320x202.jpg\" width=\"320\" height=\"202\" alt=\"\" title=\"IMGP8130\" aria-label=\"IMGP8130\" class=\"img-responsive wp-image-1994 fusion-gallery-image-size-fixed\" \/><\/a><\/div><\/div><div style=\"padding:5px;\" class=\"fusion-grid-column fusion-gallery-column fusion-gallery-column-5 hover-type-none\"><div class=\"fusion-gallery-image\"><a href=\"https:\/\/steinhaus-dalmatien.com\/wp-content\/uploads\/2018\/01\/IMGP8126.jpg\" rel=\"noreferrer\" data-rel=\"iLightbox[gallery_image_1]\" class=\"fusion-lightbox\" target=\"_self\"><img src=\"https:\/\/steinhaus-dalmatien.com\/wp-content\/uploads\/2018\/01\/IMGP8126-320x202.jpg\" width=\"320\" height=\"202\" alt=\"\" title=\"IMGP8126\" aria-label=\"IMGP8126\" class=\"img-responsive wp-image-1993 fusion-gallery-image-size-fixed\" \/><\/a><\/div><\/div><div style=\"padding:5px;\" class=\"fusion-grid-column fusion-gallery-column fusion-gallery-column-5 hover-type-none\"><div class=\"fusion-gallery-image\"><a href=\"https:\/\/steinhaus-dalmatien.com\/wp-content\/uploads\/2018\/01\/IMGP8134.jpg\" rel=\"noreferrer\" data-rel=\"iLightbox[gallery_image_1]\" class=\"fusion-lightbox\" target=\"_self\"><img src=\"https:\/\/steinhaus-dalmatien.com\/wp-content\/uploads\/2018\/01\/IMGP8134-320x202.jpg\" width=\"320\" height=\"202\" alt=\"\" title=\"IMGP8134\" aria-label=\"IMGP8134\" class=\"img-responsive wp-image-1996 fusion-gallery-image-size-fixed\" \/><\/a><\/div><\/div><div class=\"clearfix\"><\/div><\/div><div class=\"fusion-clearfix\"><\/div><\/div><\/div><\/div><\/div><div class=\"fusion-fullwidth fullwidth-box fusion-builder-row-2 nonhundred-percent-fullwidth non-hundred-percent-height-scrolling\" style=\"background-color: #f4f6f8;background-position: center top;background-repeat: no-repeat;padding-top:0px;padding-right:0px;padding-bottom:80px;padding-left:0px;margin-bottom: 0px;margin-top: 0px;border-width: 0px 0px 0px 0px;border-color:#eae9e9;border-style:solid;\" ><div class=\"fusion-builder-row fusion-row\"><div class=\"fusion-layout-column fusion_builder_column fusion-builder-column-4 fusion_builder_column_1_1 1_1 fusion-one-full fusion-column-first fusion-column-last fusion-column-no-min-height\" style=\"margin-top:0px;margin-bottom:0px;\"><div class=\"fusion-column-wrapper fusion-flex-column-wrapper-legacy\" style=\"background-position:left top;background-repeat:no-repeat;-webkit-background-size:cover;-moz-background-size:cover;-o-background-size:cover;background-size:cover;padding: 0px 0px 0px 0px;\"><div class=\"imageframe-align-center\"><span class=\" fusion-imageframe imageframe-none imageframe-1 hover-type-none\"><img width=\"370\" height=\"82\" title=\"flowers_top\" src=\"https:\/\/steinhaus-dalmatien.com\/wp-content\/uploads\/2015\/01\/flowers_top.png\" alt class=\"img-responsive wp-image-2562\"\/><\/span><\/div><div class=\"fusion-sep-clear\"><\/div><div class=\"fusion-separator fusion-full-width-sep\" style=\"margin-left: auto;margin-right: auto;margin-top:25px;width:100%;\"><\/div><div class=\"fusion-sep-clear\"><\/div><div class=\"fusion-clearfix\"><\/div><\/div><\/div><div class=\"fusion-layout-column fusion_builder_column fusion-builder-column-5 fusion_builder_column_1_1 1_1 fusion-one-full fusion-column-first fusion-column-last fusion-column-no-min-height\" style=\"margin-top:0px;margin-bottom:0px;\"><div class=\"fusion-column-wrapper fusion-flex-column-wrapper-legacy\" style=\"background-position:left top;background-repeat:no-repeat;-webkit-background-size:cover;-moz-background-size:cover;-o-background-size:cover;background-size:cover;padding: 0px 0px 0px 0px;\"><div class=\"fusion-text fusion-text-4\"><p style=\"letter-spacing: 4px; font-size: 13px; margin-bottom: 0px; text-align: center;\">STEINHAUS DALMATIEN<\/p>\n<h1 style=\"text-align: center;\">Ausstattung<\/h1>\n<\/div><div class=\"fusion-sep-clear\"><\/div><div class=\"fusion-separator\" style=\"margin-left: auto;margin-right: auto;margin-top:0px;margin-bottom:60px;width:100%;max-width:50px;\"><div class=\"fusion-separator-border sep-single sep-solid\" style=\"border-color:#cbaa5c;border-top-width:1px;\"><\/div><\/div><div class=\"fusion-sep-clear\"><\/div><div class=\"fusion-clearfix\"><\/div><\/div><\/div><div class=\"fusion-layout-column fusion_builder_column fusion-builder-column-6 fusion_builder_column_1_4 1_4 fusion-one-fourth fusion-column-first\" style=\"width:22%; margin-right: 4%;margin-top:0px;margin-bottom:20px;\"><div class=\"fusion-column-wrapper fusion-flex-column-wrapper-legacy\" style=\"background-position:left top;background-repeat:no-repeat;-webkit-background-size:cover;-moz-background-size:cover;-o-background-size:cover;background-size:cover;padding: 0px 0px 0px 0px;\"><div class=\"fusion-clearfix\"><\/div><\/div><\/div><div class=\"fusion-layout-column fusion_builder_column fusion-builder-column-7 fusion_builder_column_3_4 3_4 fusion-three-fourth fusion-column-last\" style=\"width:74%;margin-top:0px;margin-bottom:20px;\"><div class=\"fusion-column-wrapper fusion-flex-column-wrapper-legacy\" style=\"background-position:left top;background-repeat:no-repeat;-webkit-background-size:cover;-moz-background-size:cover;-o-background-size:cover;background-size:cover;padding: 0px 0px 0px 0px;\"><ul class=\"fusion-checklist fusion-checklist-1\" style=\"font-size:14px;line-height:23.8px;\"><li style=\"background-color:rgba(255,255,255,0);\" class=\"fusion-li-item\"><span style=\"height:23.8px;width:23.8px;margin-right:9.8px;\" class=\"icon-wrapper circle-no\"><i class=\"fusion-li-icon fa fa-check-circle-o\" style=\"color:#cbaa5c;\" aria-hidden=\"true\"><\/i><\/span><div class=\"fusion-li-item-content\" style=\"margin-left:33.6px;color:var(--awb-color8);\">\n<pre class=\"aLF-aPX-K0-aPE\">- 1 Schlafzimmer mit Doppelbett (160 x 200 cm), Kleiderschrank und Bettw\u00e4sche           \r\n- 1 Wohnk\u00fcche mit ausziehbarem Sofa (140 x 200 cm)\r\n- Die K\u00fcche ist ausgestattet mit Kochfeld, K\u00fchlschrank mit separatem Gefrierfach, \r\nKaffeemaschine, Wasserkocher, Toaster, Geschirr, Gl\u00e4ser,   Besteck, Kochgeschirr usw.\r\n- 1 Bad mit Dusche, Waschtisch und WC, Handt\u00fccher, Duscht\u00fccher, Haarf\u00f6n und Toilettenpapier.\r\n- Terrasse mit  Sonnenschirm, Tisch und 4 St\u00fchlen (mit seitlichem Meerblick).\r\n- Kostenfreie und gesicherte Parkpl\u00e4tze auf privatem Grundst\u00fcck.\r\n- WLAN kostenfrei.\r\n- Au\u00dfengrill mit Holzkohle, kostenfrei.\r\n- 2 Strandliegen pro Wohnung plus Sonnenschirm, kostenfrei.\r\n- Kinderbett und Hochstuhl auf Anfrage (Aufpreis 5 Euro pro Tag).\r\n- F\u00fcr die Boote ist eine Boje vor dem Ferienhaus vorhanden (Aufpreis 10 Euro pro Tag).\r\n- Waschmaschine auf Anfrage.<\/pre>\n<\/div><\/li><\/ul><div class=\"fusion-clearfix\"><\/div><\/div><\/div><div class=\"fusion-layout-column fusion_builder_column fusion-builder-column-8 fusion_builder_column_1_3 1_3 fusion-one-third fusion-column-first\" style=\"width:30.6666%; margin-right: 4%;margin-top:0px;margin-bottom:20px;\"><div class=\"fusion-column-wrapper fusion-flex-column-wrapper-legacy\" style=\"background-position:left top;background-repeat:no-repeat;-webkit-background-size:cover;-moz-background-size:cover;-o-background-size:cover;background-size:cover;padding: 0px 0px 0px 0px;\"><div class=\"fusion-clearfix\"><\/div><\/div><\/div><\/div><\/div><div class=\"fusion-fullwidth fullwidth-box fusion-builder-row-3 nonhundred-percent-fullwidth non-hundred-percent-height-scrolling fusion-equal-height-columns\" style=\"background-color: rgba(255,255,255,0);background-position: left top;background-repeat: no-repeat;padding-top:100px;padding-right:0px;padding-bottom:100px;padding-left:0px;margin-bottom: 0px;margin-top: 0px;border-width: 0px 0px 0px 0px;border-color:#eae9e9;border-style:solid;\" ><div class=\"fusion-builder-row fusion-row\"><div class=\"fusion-layout-column fusion_builder_column fusion-builder-column-9 fusion_builder_column_1_1 1_1 fusion-one-full fusion-column-first fusion-column-last\" style=\"margin-top:0px;margin-bottom:20px;\"><div class=\"fusion-column-wrapper fusion-flex-column-wrapper-legacy\" style=\"background-position:right bottom;background-repeat:no-repeat;-webkit-background-size:cover;-moz-background-size:cover;-o-background-size:cover;background-size:cover;padding: 0px 0px 0px 0px;\"><div class=\"fusion-text fusion-text-5\"><h1 style=\"text-align: center;\">Kalenderverf\u00fcgbarkeit<\/h1>\n<\/div><div class=\"fusion-sep-clear\"><\/div><div class=\"fusion-separator\" style=\"margin-left: auto;margin-right: auto;margin-top:0px;margin-bottom:20px;width:100%;max-width:50px;\"><div class=\"fusion-separator-border sep-single sep-solid\" style=\"border-color:#cbaa5c;border-top-width:1px;\"><\/div><\/div><div class=\"fusion-sep-clear\"><\/div><div class=\"fusion-text fusion-text-6\"><div align=\"center\"><iframe src=\"https:\/\/med-irishcentre.com\/ivana\/?id=1&amp;ln=de\" width=\"1024px\" height=\"350px\" scrolling=\"no\" align=\"center\"><\/iframe><\/div>\n<\/div><div class=\"fusion-clearfix\"><\/div><\/div><\/div><\/div><\/div><div class=\"fusion-fullwidth fullwidth-box fusion-builder-row-4 nonhundred-percent-fullwidth non-hundred-percent-height-scrolling fusion-equal-height-columns\" style=\"background-color: rgba(255,255,255,0);background-position: left top;background-repeat: no-repeat;padding-top:100px;padding-right:0px;padding-bottom:100px;padding-left:0px;margin-bottom: 0px;margin-top: 0px;border-width: 0px 0px 0px 0px;border-color:#eae9e9;border-style:solid;\" ><div class=\"fusion-builder-row fusion-row\"><div class=\"fusion-layout-column fusion_builder_column fusion-builder-column-10 fusion_builder_column_1_1 1_1 fusion-one-full fusion-column-first fusion-column-last\" style=\"margin-top:0px;margin-bottom:20px;\"><div class=\"fusion-column-wrapper fusion-flex-column-wrapper-legacy\" style=\"background-position:right bottom;background-repeat:no-repeat;-webkit-background-size:cover;-moz-background-size:cover;-o-background-size:cover;background-size:cover;padding: 0px 0px 0px 0px;\"><div class=\"fusion-text fusion-text-7\"><h1 style=\"text-align: center;\">Preisliste nach Datum<\/h1>\n<\/div><div class=\"fusion-sep-clear\"><\/div><div class=\"fusion-separator\" style=\"margin-left: auto;margin-right: auto;margin-top:0px;margin-bottom:20px;width:100%;max-width:50px;\"><div class=\"fusion-separator-border sep-single sep-solid\" style=\"border-color:#cbaa5c;border-top-width:1px;\"><\/div><\/div><div class=\"fusion-sep-clear\"><\/div><div class=\"fusion-text fusion-text-8\"><table class=\" aligncenter\" style=\"height: 243px;\" width=\"227\">\n<tbody>\n<tr>\n<td width=\"129\"><strong>01.04.- 30.04. <\/strong><\/td>\n<td width=\"85\"><strong>40,00 \u20ac <\/strong><\/td>\n<\/tr>\n<tr>\n<td width=\"129\"><strong>01.05.- 31.05. <\/strong><\/td>\n<td width=\"85\">50,00 \u20ac<\/td>\n<\/tr>\n<tr>\n<td width=\"129\"><strong>01.06.- 20.06. <\/strong><\/td>\n<td width=\"85\">70,00 \u20ac<\/td>\n<\/tr>\n<tr>\n<td width=\"129\"><strong>21.06.- 06.07. <\/strong><\/td>\n<td width=\"85\">110,00 \u20ac<\/td>\n<\/tr>\n<tr>\n<td width=\"129\"><strong>07.07.- 31.08. <\/strong><\/td>\n<td width=\"85\">135,00 \u20ac<\/td>\n<\/tr>\n<tr>\n<td width=\"129\"><strong>01.09. &#8211; 15.09. <\/strong><\/td>\n<td width=\"85\">110,00 \u20ac<\/td>\n<\/tr>\n<tr>\n<td width=\"129\"><strong>16.09.- 30.09. <\/strong><\/td>\n<td width=\"85\">70,00 \u20ac<\/td>\n<\/tr>\n<tr>\n<td width=\"129\"><strong>01.10. &#8211; 31.10. <\/strong><\/td>\n<td width=\"85\">50,00 \u20ac<\/td>\n<\/tr>\n<\/tbody>\n<\/table>\n<\/div><div class=\"fusion-clearfix\"><\/div><\/div><\/div><\/div><\/div><\/p>\n","protected":false},"excerpt":{"rendered":"","protected":false},"author":1,"featured_media":0,"parent":2338,"menu_order":0,"comment_status":"open","ping_status":"closed","template":"100-width.php","meta":[],"_links":{"self":[{"href":"https:\/\/steinhaus-dalmatien.com\/de\/wp-json\/wp\/v2\/pages\/2452\/"}],"collection":[{"href":"https:\/\/steinhaus-dalmatien.com\/de\/wp-json\/wp\/v2\/pages\/"}],"about":[{"href":"https:\/\/steinhaus-dalmatien.com\/de\/wp-json\/wp\/v2\/types\/page\/"}],"author":[{"embeddable":true,"href":"https:\/\/steinhaus-dalmatien.com\/de\/wp-json\/wp\/v2\/users\/1\/"}],"replies":[{"embeddable":true,"href":"https:\/\/steinhaus-dalmatien.com\/de\/wp-json\/wp\/v2\/comments\/?post=2452"}],"version-history":[{"count":4,"href":"https:\/\/steinhaus-dalmatien.com\/de\/wp-json\/wp\/v2\/pages\/2452\/revisions\/"}],"predecessor-version":[{"id":3572,"href":"https:\/\/steinhaus-dalmatien.com\/de\/wp-json\/wp\/v2\/pages\/2452\/revisions\/3572\/"}],"up":[{"embeddable":true,"href":"https:\/\/steinhaus-dalmatien.com\/de\/wp-json\/wp\/v2\/pages\/2338\/"}],"wp:attachment":[{"href":"https:\/\/steinhaus-dalmatien.com\/de\/wp-json\/wp\/v2\/media\/?parent=2452"}],"curies":[{"name":"wp","href":"https:\/\/api.w.org\/{rel}","templated":true}]}}